{"id":2108,"date":"2021-03-26T06:46:16","date_gmt":"2021-03-26T06:46:16","guid":{"rendered":"http:\/\/localhost\/nuss\/?page_id=437"},"modified":"2025-12-04T15:18:01","modified_gmt":"2025-12-04T15:18:01","slug":"spa","status":"publish","type":"page","link":"https:\/\/chimelongpenguinhotel.com\/de\/spa\/","title":{"rendered":"Spa"},"content":{"rendered":"<div data-elementor-type=\"wp-page\" data-elementor-id=\"2108\" class=\"elementor elementor-2108\">\n\t\t\t\t\t\t<section class=\"elementor-section elementor-top-section elementor-element elementor-element-e56a0cd elementor-section-boxed elementor-section-gap-beside-yes elementor-section-height-default elementor-section-height-default elementor-section-column-vertical-align-stretch\" data-id=\"e56a0cd\" data-element_type=\"section\" data-e-type=\"section\">\n\t\t\t\t\t\t<div class=\"elementor-container elementor-column-gap-extended\">\n\t\t\t\t\t<div class=\"elementor-column elementor-col-100 elementor-top-column elementor-element elementor-element-0b4465f\" data-id=\"0b4465f\" data-element_type=\"column\" data-e-type=\"column\">\n\t\t\t<div class=\"elementor-widget-wrap elementor-element-populated\">\n\t\t\t\t\t\t<div class=\"elementor-element elementor-element-c5bfb65 elementor-widget__width-initial elementor-invisible elementor-widget elementor-widget-text-editor\" data-id=\"c5bfb65\" data-element_type=\"widget\" data-e-type=\"widget\" data-settings=\"{&quot;_animation&quot;:&quot;nussFadeInUp&quot;}\" data-widget_type=\"text-editor.default\">\n\t\t\t\t<div class=\"elementor-widget-container\">\n\t\t\t\t\t\t\t\t\t<p>Sich gesund und wohl zu f\u00fchlen ist kein Luxus, sondern eine absolute Notwendigkeit. Heilen Sie K\u00f6rper und Seele mit unseren wunderbaren Behandlungen und kehren Sie als neuer Mensch, ruhig und erfrischt nach Hause zur\u00fcck.<\/p>\t\t\t\t\t\t\t\t<\/div>\n\t\t\t\t<\/div>\n\t\t\t\t\t<\/div>\n\t\t<\/div>\n\t\t\t\t\t<\/div>\n\t\t<\/section>\n\t\t<div class=\"elementor-element elementor-element-96b38b0 e-flex e-con-boxed e-con e-parent\" data-id=\"96b38b0\" data-element_type=\"container\" data-e-type=\"container\">\n\t\t\t\t\t<div class=\"e-con-inner\">\n\t\t\t\t<div class=\"elementor-element elementor-element-b169e1c elementor-widget elementor-widget-image\" data-id=\"b169e1c\" data-element_type=\"widget\" data-e-type=\"widget\" data-widget_type=\"image.default\">\n\t\t\t\t<div class=\"elementor-widget-container\">\n\t\t\t\t\t\t\t\t\t\t\t\t\t\t\t<img fetchpriority=\"high\" decoding=\"async\" width=\"1024\" height=\"684\" src=\"https:\/\/chimelongpenguinhotel.com\/wp-content\/uploads\/2025\/05\/Chimelong-Penguin-Hotel-1-1024x684.webp\" class=\"attachment-large size-large wp-image-5741\" alt=\"\" srcset=\"https:\/\/chimelongpenguinhotel.com\/wp-content\/uploads\/2025\/05\/Chimelong-Penguin-Hotel-1-1024x684.webp 1024w, https:\/\/chimelongpenguinhotel.com\/wp-content\/uploads\/2025\/05\/Chimelong-Penguin-Hotel-1-300x200.webp 300w, https:\/\/chimelongpenguinhotel.com\/wp-content\/uploads\/2025\/05\/Chimelong-Penguin-Hotel-1-768x513.webp 768w, https:\/\/chimelongpenguinhotel.com\/wp-content\/uploads\/2025\/05\/Chimelong-Penguin-Hotel-1-18x12.webp 18w, https:\/\/chimelongpenguinhotel.com\/wp-content\/uploads\/2025\/05\/Chimelong-Penguin-Hotel-1.webp 1277w\" sizes=\"(max-width: 1024px) 100vw, 1024px\" \/>\t\t\t\t\t\t\t\t\t\t\t\t\t\t\t<\/div>\n\t\t\t\t<\/div>\n\t\t\t\t\t<\/div>\n\t\t\t\t<\/div>\n\t\t\t\t<\/div>","protected":false},"excerpt":{"rendered":"<p>Sich gesund und wohl zu f\u00fchlen ist kein Luxus, sondern eine absolute Notwendigkeit. Heilen Sie K\u00f6rper und Seele mit unseren wunderbaren Behandlungen und kehren Sie als neuer Mensch, ruhig und erfrischt nach Hause zur\u00fcck.<\/p>","protected":false},"author":1,"featured_media":0,"parent":0,"menu_order":0,"comment_status":"closed","ping_status":"closed","template":"elementor_header_footer","meta":{"footnotes":""},"class_list":["post-2108","page","type-page","status-publish","hentry","post-no-thumbnail"],"_links":{"self":[{"href":"https:\/\/chimelongpenguinhotel.com\/de\/wp-json\/wp\/v2\/pages\/2108","targetHints":{"allow":["GET"]}}],"collection":[{"href":"https:\/\/chimelongpenguinhotel.com\/de\/wp-json\/wp\/v2\/pages"}],"about":[{"href":"https:\/\/chimelongpenguinhotel.com\/de\/wp-json\/wp\/v2\/types\/page"}],"author":[{"embeddable":true,"href":"https:\/\/chimelongpenguinhotel.com\/de\/wp-json\/wp\/v2\/users\/1"}],"replies":[{"embeddable":true,"href":"https:\/\/chimelongpenguinhotel.com\/de\/wp-json\/wp\/v2\/comments?post=2108"}],"version-history":[{"count":0,"href":"https:\/\/chimelongpenguinhotel.com\/de\/wp-json\/wp\/v2\/pages\/2108\/revisions"}],"wp:attachment":[{"href":"https:\/\/chimelongpenguinhotel.com\/de\/wp-json\/wp\/v2\/media?parent=2108"}],"curies":[{"name":"wp","href":"https:\/\/api.w.org\/{rel}","templated":true}]}}