{"id":612,"date":"2021-03-26T10:04:13","date_gmt":"2021-03-26T10:04:13","guid":{"rendered":"http:\/\/localhost\/nuss\/?page_id=612"},"modified":"2025-12-04T15:17:30","modified_gmt":"2025-12-04T15:17:30","slug":"restaurant","status":"publish","type":"page","link":"https:\/\/chimelongpenguinhotel.com\/de\/restaurant\/","title":{"rendered":"Restaurant"},"content":{"rendered":"<div data-elementor-type=\"wp-page\" data-elementor-id=\"612\" class=\"elementor elementor-612\">\n\t\t\t\t\t\t<section class=\"elementor-section elementor-top-section elementor-element elementor-element-e2effe8 elementor-section-boxed elementor-section-gap-beside-yes elementor-section-height-default elementor-section-height-default elementor-section-column-vertical-align-stretch\" data-id=\"e2effe8\" data-element_type=\"section\" data-e-type=\"section\">\n\t\t\t\t\t\t<div class=\"elementor-container elementor-column-gap-extended\">\n\t\t\t\t\t<div class=\"elementor-column elementor-col-100 elementor-top-column elementor-element elementor-element-e18f688\" data-id=\"e18f688\" data-element_type=\"column\" data-e-type=\"column\">\n\t\t\t<div class=\"elementor-widget-wrap elementor-element-populated\">\n\t\t\t\t\t\t<div class=\"elementor-element elementor-element-6db146d elementor-widget__width-initial elementor-invisible elementor-widget elementor-widget-text-editor\" data-id=\"6db146d\" data-element_type=\"widget\" data-e-type=\"widget\" data-settings=\"{&quot;_animation&quot;:&quot;nussFadeInUp&quot;}\" data-widget_type=\"text-editor.default\">\n\t\t\t\t<div class=\"elementor-widget-container\">\n\t\t\t\t\t\t\t\t\t<p>Tauchen Sie ein in ein kulinarisches Abenteuer im Signature-Restaurant des Chimelong Penguin Hotels, wo k\u00f6stliche Aromen auf das bezaubernde Ambiente eines von Pinguinen inspirierten Wunderlandes treffen.<\/p>\t\t\t\t\t\t\t\t<\/div>\n\t\t\t\t<\/div>\n\t\t\t\t\t<\/div>\n\t\t<\/div>\n\t\t\t\t\t<\/div>\n\t\t<\/section>\n\t\t<div class=\"elementor-element elementor-element-cf2568c e-flex e-con-boxed e-con e-parent\" data-id=\"cf2568c\" data-element_type=\"container\" data-e-type=\"container\">\n\t\t\t\t\t<div class=\"e-con-inner\">\n\t\t\t\t<div class=\"elementor-element elementor-element-7da4cb8 elementor-widget elementor-widget-nuss-image-gallery\" data-id=\"7da4cb8\" data-element_type=\"widget\" data-e-type=\"widget\" data-widget_type=\"nuss-image-gallery.default\">\n\t\t\t\t<div class=\"elementor-widget-container\">\n\t\t\t\t\t\t\t<div class=\"nuss-grid-wrapper\" data-grid=\"{&quot;type&quot;:&quot;grid&quot;,&quot;ratio&quot;:null,&quot;columns&quot;:3,&quot;gutter&quot;:30}\">\r\n\t\t\t<div class=\"nuss-grid lazy-grid\">\r\n\t\t\t\t<div class=\"grid-sizer\"><\/div>\r\n\r\n\t\t\t\t\t\t\t\t\t\t\t\t<div class=\"grid-item\">\r\n\t\t\t\t\t\t<div class=\"nuss-box\">\t\t<div class=\"nuss-image image\">\r\n\t\t\t<img decoding=\"async\"  src=\"https:\/\/chimelongpenguinhotel.com\/wp-content\/uploads\/2025\/05\/chimelong-genuin-dinning-17.webp\" alt=\"Chimelong Genuin Dinning (17)\" \/>\t\t<\/div>\r\n\t\t\t\t<\/div>\t\t\t\t\t<\/div>\r\n\t\t\t\t\t\t<div class=\"grid-item\">\r\n\t\t\t\t\t\t<div class=\"nuss-box\">\t\t<div class=\"nuss-image image\">\r\n\t\t\t<img decoding=\"async\"  src=\"https:\/\/chimelongpenguinhotel.com\/wp-content\/uploads\/2025\/05\/chimelong-genuin-dinning-16.webp\" alt=\"Chimelong Genuin Dinning (16)\" \/>\t\t<\/div>\r\n\t\t\t\t<\/div>\t\t\t\t\t<\/div>\r\n\t\t\t\t\t\t<div class=\"grid-item\">\r\n\t\t\t\t\t\t<div class=\"nuss-box\">\t\t<div class=\"nuss-image image\">\r\n\t\t\t<img decoding=\"async\"  src=\"https:\/\/chimelongpenguinhotel.com\/wp-content\/uploads\/2025\/05\/chimelong-genuin-dinning-15.webp\" alt=\"Chimelong Genuin Dinning (15)\" \/>\t\t<\/div>\r\n\t\t\t\t<\/div>\t\t\t\t\t<\/div>\r\n\t\t\t\t\t\t<div class=\"grid-item\">\r\n\t\t\t\t\t\t<div class=\"nuss-box\">\t\t<div class=\"nuss-image image\">\r\n\t\t\t<img decoding=\"async\"  src=\"https:\/\/chimelongpenguinhotel.com\/wp-content\/uploads\/2025\/05\/chimelong-genuin-dinning-14.webp\" alt=\"Chimelong Genuin Dinning (14)\" \/>\t\t<\/div>\r\n\t\t\t\t<\/div>\t\t\t\t\t<\/div>\r\n\t\t\t\t\t\t<div class=\"grid-item\">\r\n\t\t\t\t\t\t<div class=\"nuss-box\">\t\t<div class=\"nuss-image image\">\r\n\t\t\t<img decoding=\"async\"  src=\"https:\/\/chimelongpenguinhotel.com\/wp-content\/uploads\/2025\/05\/chimelong-genuin-dinning-13.webp\" alt=\"Chimelong Genuin Dinning (13)\" \/>\t\t<\/div>\r\n\t\t\t\t<\/div>\t\t\t\t\t<\/div>\r\n\t\t\t\t\t\t<div class=\"grid-item\">\r\n\t\t\t\t\t\t<div class=\"nuss-box\">\t\t<div class=\"nuss-image image\">\r\n\t\t\t<img decoding=\"async\"  src=\"https:\/\/chimelongpenguinhotel.com\/wp-content\/uploads\/2025\/05\/chimelong-genuin-dinning-12.webp\" alt=\"Chimelong Genuin Dinning (12)\" \/>\t\t<\/div>\r\n\t\t\t\t<\/div>\t\t\t\t\t<\/div>\r\n\t\t\t\t\t\t<div class=\"grid-item\">\r\n\t\t\t\t\t\t<div class=\"nuss-box\">\t\t<div class=\"nuss-image image\">\r\n\t\t\t<img decoding=\"async\"  src=\"https:\/\/chimelongpenguinhotel.com\/wp-content\/uploads\/2025\/05\/chimelong-genuin-dinning-11.webp\" alt=\"Chimelong Genuin Dinning (11)\" \/>\t\t<\/div>\r\n\t\t\t\t<\/div>\t\t\t\t\t<\/div>\r\n\t\t\t\t\t\t<div class=\"grid-item\">\r\n\t\t\t\t\t\t<div class=\"nuss-box\">\t\t<div class=\"nuss-image image\">\r\n\t\t\t<img decoding=\"async\"  src=\"https:\/\/chimelongpenguinhotel.com\/wp-content\/uploads\/2025\/05\/chimelong-genuin-dinning-10.webp\" alt=\"Chimelong Genuin Dinning (10)\" \/>\t\t<\/div>\r\n\t\t\t\t<\/div>\t\t\t\t\t<\/div>\r\n\t\t\t\t\t\t<div class=\"grid-item\">\r\n\t\t\t\t\t\t<div class=\"nuss-box\">\t\t<div class=\"nuss-image image\">\r\n\t\t\t<img decoding=\"async\"  src=\"https:\/\/chimelongpenguinhotel.com\/wp-content\/uploads\/2025\/05\/chimelong-genuin-dinning-9.webp\" alt=\"Chimelong Genuin Dinning (9)\" \/>\t\t<\/div>\r\n\t\t\t\t<\/div>\t\t\t\t\t<\/div>\r\n\t\t\t\t\t\t<div class=\"grid-item\">\r\n\t\t\t\t\t\t<div class=\"nuss-box\">\t\t<div class=\"nuss-image image\">\r\n\t\t\t<img decoding=\"async\"  src=\"https:\/\/chimelongpenguinhotel.com\/wp-content\/uploads\/2025\/05\/chimelong-genuin-dinning-8.webp\" alt=\"Chimelong Genuin Dinning (8)\" \/>\t\t<\/div>\r\n\t\t\t\t<\/div>\t\t\t\t\t<\/div>\r\n\t\t\t\t\t\t<div class=\"grid-item\">\r\n\t\t\t\t\t\t<div class=\"nuss-box\">\t\t<div class=\"nuss-image image\">\r\n\t\t\t<img decoding=\"async\"  src=\"https:\/\/chimelongpenguinhotel.com\/wp-content\/uploads\/2025\/05\/chimelong-genuin-dinning-7.webp\" alt=\"Chimelong Genuin Dinning (7)\" \/>\t\t<\/div>\r\n\t\t\t\t<\/div>\t\t\t\t\t<\/div>\r\n\t\t\t\t\t\t<div class=\"grid-item\">\r\n\t\t\t\t\t\t<div class=\"nuss-box\">\t\t<div class=\"nuss-image image\">\r\n\t\t\t<img decoding=\"async\"  src=\"https:\/\/chimelongpenguinhotel.com\/wp-content\/uploads\/2025\/05\/chimelong-genuin-dinning-6.webp\" alt=\"Chimelong Genuin Dinning (6)\" \/>\t\t<\/div>\r\n\t\t\t\t<\/div>\t\t\t\t\t<\/div>\r\n\t\t\t\t\t\t<div class=\"grid-item\">\r\n\t\t\t\t\t\t<div class=\"nuss-box\">\t\t<div class=\"nuss-image image\">\r\n\t\t\t<img decoding=\"async\"  src=\"https:\/\/chimelongpenguinhotel.com\/wp-content\/uploads\/2025\/05\/chimelong-genuin-dinning-5.webp\" alt=\"Chimelong Genuin Dinning (5)\" \/>\t\t<\/div>\r\n\t\t\t\t<\/div>\t\t\t\t\t<\/div>\r\n\t\t\t\t\t\t<div class=\"grid-item\">\r\n\t\t\t\t\t\t<div class=\"nuss-box\">\t\t<div class=\"nuss-image image\">\r\n\t\t\t<img decoding=\"async\"  src=\"https:\/\/chimelongpenguinhotel.com\/wp-content\/uploads\/2025\/05\/chimelong-genuin-dinning-4.webp\" alt=\"Chimelong Genuin Dinning (4)\" \/>\t\t<\/div>\r\n\t\t\t\t<\/div>\t\t\t\t\t<\/div>\r\n\t\t\t\t\t\t<div class=\"grid-item\">\r\n\t\t\t\t\t\t<div class=\"nuss-box\">\t\t<div class=\"nuss-image image\">\r\n\t\t\t<img decoding=\"async\"  src=\"https:\/\/chimelongpenguinhotel.com\/wp-content\/uploads\/2025\/05\/chimelong-genuin-dinning-3.webp\" alt=\"Chimelong Genuin Dinning (3)\" \/>\t\t<\/div>\r\n\t\t\t\t<\/div>\t\t\t\t\t<\/div>\r\n\t\t\t\t\t\t<div class=\"grid-item\">\r\n\t\t\t\t\t\t<div class=\"nuss-box\">\t\t<div class=\"nuss-image image\">\r\n\t\t\t<img decoding=\"async\"  src=\"https:\/\/chimelongpenguinhotel.com\/wp-content\/uploads\/2025\/05\/chimelong-genuin-dinning-2.webp\" alt=\"Chimelong Genuin Dinning (2)\" \/>\t\t<\/div>\r\n\t\t\t\t<\/div>\t\t\t\t\t<\/div>\r\n\t\t\t\t\t\t<div class=\"grid-item\">\r\n\t\t\t\t\t\t<div class=\"nuss-box\">\t\t<div class=\"nuss-image image\">\r\n\t\t\t<img decoding=\"async\"  src=\"https:\/\/chimelongpenguinhotel.com\/wp-content\/uploads\/2025\/05\/chimelong-genuin-dinning-1.webp\" alt=\"Chimelong Genuin Dinning (1)\" \/>\t\t<\/div>\r\n\t\t\t\t<\/div>\t\t\t\t\t<\/div>\r\n\t\t\t\t\t\t<div class=\"grid-item\">\r\n\t\t\t\t\t\t<div class=\"nuss-box\">\t\t<div class=\"nuss-image image\">\r\n\t\t\t<img decoding=\"async\"  src=\"https:\/\/chimelongpenguinhotel.com\/wp-content\/uploads\/2025\/05\/chimelong-genuin-dinning-19.webp\" alt=\"Chimelong Genuin Dinning 19\" \/>\t\t<\/div>\r\n\t\t\t\t<\/div>\t\t\t\t\t<\/div>\r\n\t\t\t\t\t\t\t\r\n\t\t\t<\/div>\r\n\t\t<\/div>\r\n\t\t\t\t\t\t<\/div>\n\t\t\t\t<\/div>\n\t\t\t\t\t<\/div>\n\t\t\t\t<\/div>\n\t\t<div class=\"elementor-element elementor-element-9979477 e-flex e-con-boxed e-con e-parent\" data-id=\"9979477\" data-element_type=\"container\" data-e-type=\"container\">\n\t\t\t\t\t<div class=\"e-con-inner\">\n\t\t<div class=\"elementor-element elementor-element-c5de628 e-con-full e-flex e-con e-child\" data-id=\"c5de628\" data-element_type=\"container\" data-e-type=\"container\">\n\t\t\t\t<div class=\"elementor-element elementor-element-cf04399 elementor-widget elementor-widget-text-editor\" data-id=\"cf04399\" data-element_type=\"widget\" data-e-type=\"widget\" data-widget_type=\"text-editor.default\">\n\t\t\t\t<div class=\"elementor-widget-container\">\n\t\t\t\t\t\t\t\t\t<p>Mitten im Herzen dieses wunderlichen 5-Sterne-Hotels im Hengqin New District, Zhuhai, bietet das Restaurant ein kulinarisches Erlebnis, das so fesselnd ist wie das Hotel selbst. Das Lokal ist so gestaltet, dass es G\u00e4ste jeden Alters bezaubert, und besticht durch ein verspieltes Dekor in eisigen Blaut\u00f6nen und bezaubernden Pinguinmotiven, wodurch eine einzigartige Umgebung entsteht, die jede Mahlzeit zu einem unvergesslichen Anlass macht.<\/p><p>Das Restaurant im Chimelong Penguin Hotel bietet eine abwechslungsreiche Speisekarte f\u00fcr jeden Geschmack und verbindet authentische chinesische K\u00fcche mit internationalen Klassikern. Genie\u00dfen Sie sorgf\u00e4ltig zubereitete Gerichte aus frischen Zutaten \u2013 von saftigen Meeresfr\u00fcchten, inspiriert vom nahegelegenen Ocean World, \u00fcber traditionelle kantonesische Spezialit\u00e4ten bis hin zu wohltuenden westlichen Klassikern. F\u00fcr Familien gibt es eine spezielle Kinderkarte, die auch die j\u00fcngsten G\u00e4ste mit speziell auf sie zugeschnittenen Gerichten begeistert.<\/p>\t\t\t\t\t\t\t\t<\/div>\n\t\t\t\t<\/div>\n\t\t\t\t<\/div>\n\t\t<div class=\"elementor-element elementor-element-e4e0f5c e-con-full e-flex e-con e-child\" data-id=\"e4e0f5c\" data-element_type=\"container\" data-e-type=\"container\">\n\t\t\t\t<div class=\"elementor-element elementor-element-45e32dd elementor-widget elementor-widget-image\" data-id=\"45e32dd\" data-element_type=\"widget\" data-e-type=\"widget\" data-widget_type=\"image.default\">\n\t\t\t\t<div class=\"elementor-widget-container\">\n\t\t\t\t\t\t\t\t\t\t\t\t\t\t\t<img fetchpriority=\"high\" decoding=\"async\" width=\"1024\" height=\"684\" src=\"https:\/\/chimelongpenguinhotel.com\/wp-content\/uploads\/2025\/05\/chimelong-genuin-dinning-18-1024x684.webp\" class=\"attachment-large size-large wp-image-5720\" alt=\"\" srcset=\"https:\/\/chimelongpenguinhotel.com\/wp-content\/uploads\/2025\/05\/chimelong-genuin-dinning-18-1024x684.webp 1024w, https:\/\/chimelongpenguinhotel.com\/wp-content\/uploads\/2025\/05\/chimelong-genuin-dinning-18-300x200.webp 300w, https:\/\/chimelongpenguinhotel.com\/wp-content\/uploads\/2025\/05\/chimelong-genuin-dinning-18-768x513.webp 768w, https:\/\/chimelongpenguinhotel.com\/wp-content\/uploads\/2025\/05\/chimelong-genuin-dinning-18-18x12.webp 18w, https:\/\/chimelongpenguinhotel.com\/wp-content\/uploads\/2025\/05\/chimelong-genuin-dinning-18.webp 1277w\" sizes=\"(max-width: 1024px) 100vw, 1024px\" \/>\t\t\t\t\t\t\t\t\t\t\t\t\t\t\t<\/div>\n\t\t\t\t<\/div>\n\t\t\t\t<\/div>\n\t\t\t\t\t<\/div>\n\t\t\t\t<\/div>\n\t\t<div class=\"elementor-element elementor-element-72961c6 e-flex e-con-boxed e-con e-parent\" data-id=\"72961c6\" data-element_type=\"container\" data-e-type=\"container\">\n\t\t\t\t\t<div class=\"e-con-inner\">\n\t\t<div class=\"elementor-element elementor-element-f0bfe1c e-con-full e-flex e-con e-child\" data-id=\"f0bfe1c\" data-element_type=\"container\" data-e-type=\"container\">\n\t\t\t\t<div class=\"elementor-element elementor-element-e480fb7 elementor-widget elementor-widget-image\" data-id=\"e480fb7\" data-element_type=\"widget\" data-e-type=\"widget\" data-widget_type=\"image.default\">\n\t\t\t\t<div class=\"elementor-widget-container\">\n\t\t\t\t\t\t\t\t\t\t\t\t\t\t\t<img decoding=\"async\" width=\"1024\" height=\"684\" src=\"https:\/\/chimelongpenguinhotel.com\/wp-content\/uploads\/2025\/05\/chimelong-genuin-dinning-19-1024x684.webp\" class=\"attachment-large size-large wp-image-5721\" alt=\"\" srcset=\"https:\/\/chimelongpenguinhotel.com\/wp-content\/uploads\/2025\/05\/chimelong-genuin-dinning-19-1024x684.webp 1024w, https:\/\/chimelongpenguinhotel.com\/wp-content\/uploads\/2025\/05\/chimelong-genuin-dinning-19-300x200.webp 300w, https:\/\/chimelongpenguinhotel.com\/wp-content\/uploads\/2025\/05\/chimelong-genuin-dinning-19-768x513.webp 768w, https:\/\/chimelongpenguinhotel.com\/wp-content\/uploads\/2025\/05\/chimelong-genuin-dinning-19-18x12.webp 18w, https:\/\/chimelongpenguinhotel.com\/wp-content\/uploads\/2025\/05\/chimelong-genuin-dinning-19.webp 1277w\" sizes=\"(max-width: 1024px) 100vw, 1024px\" \/>\t\t\t\t\t\t\t\t\t\t\t\t\t\t\t<\/div>\n\t\t\t\t<\/div>\n\t\t\t\t<\/div>\n\t\t<div class=\"elementor-element elementor-element-3133d39 e-con-full e-flex e-con e-child\" data-id=\"3133d39\" data-element_type=\"container\" data-e-type=\"container\">\n\t\t\t\t<div class=\"elementor-element elementor-element-907bcd8 elementor-widget elementor-widget-text-editor\" data-id=\"907bcd8\" data-element_type=\"widget\" data-e-type=\"widget\" data-widget_type=\"text-editor.default\">\n\t\t\t\t<div class=\"elementor-widget-container\">\n\t\t\t\t\t\t\t\t\t<p>Neben dem Essen bietet das Restaurant eine herzliche und gastfreundliche Atmosph\u00e4re. Das aufmerksame Personal macht jeden Besuch zu etwas Besonderem. Ob Sie ein herzhaftes Fr\u00fchst\u00fcck genie\u00dfen, um einen erlebnisreichen Tag im Chimelong Ocean Kingdom zu beginnen, ein gem\u00fctliches Mittagessen genie\u00dfen oder nach der Erkundung des Resorts bei einem \u00fcppigen Abendessen entspannen \u2013 das kulinarische Erlebnis hier rundet den Zauber Ihres Aufenthalts ab. Mit Panoramablick und einer lebendigen und zugleich gem\u00fctlichen Atmosph\u00e4re ist es der perfekte Ort, um mit Ihren Lieben zusammenzukommen und bleibende Erinnerungen zu schaffen.<\/p><p>Das Restaurant im Chimelong Penguin Hotel ist mehr als nur ein Ort zum Essen \u2013 es ist ein Ort, an dem kulinarische Kunst und spielerische Fantasie zusammenkommen. Erleben Sie ein Fest f\u00fcr die Sinne in einer Umgebung, die den Geist der Pinguine einf\u00e4ngt und jeden Bissen so au\u00dfergew\u00f6hnlich macht wie die Umgebung.<\/p>\t\t\t\t\t\t\t\t<\/div>\n\t\t\t\t<\/div>\n\t\t\t\t<\/div>\n\t\t\t\t\t<\/div>\n\t\t\t\t<\/div>\n\t\t\t\t<\/div>","protected":false},"excerpt":{"rendered":"<p>Dive into a culinary adventure at the signature restaurant of Chimelong Penguin Hotel, where delightful flavors meet the enchanting ambiance of a penguin-inspired wonderland. Nestled within the heart of this whimsical 5-star hotel in Hengqin New District, Zhuhai, the restaurant offers a dining experience that is as captivating as the hotel itself. Designed to charm [&hellip;]<\/p>\n","protected":false},"author":1,"featured_media":0,"parent":0,"menu_order":0,"comment_status":"closed","ping_status":"closed","template":"","meta":{"footnotes":""},"class_list":["post-612","page","type-page","status-publish","hentry","post-no-thumbnail"],"_links":{"self":[{"href":"https:\/\/chimelongpenguinhotel.com\/de\/wp-json\/wp\/v2\/pages\/612","targetHints":{"allow":["GET"]}}],"collection":[{"href":"https:\/\/chimelongpenguinhotel.com\/de\/wp-json\/wp\/v2\/pages"}],"about":[{"href":"https:\/\/chimelongpenguinhotel.com\/de\/wp-json\/wp\/v2\/types\/page"}],"author":[{"embeddable":true,"href":"https:\/\/chimelongpenguinhotel.com\/de\/wp-json\/wp\/v2\/users\/1"}],"replies":[{"embeddable":true,"href":"https:\/\/chimelongpenguinhotel.com\/de\/wp-json\/wp\/v2\/comments?post=612"}],"version-history":[{"count":0,"href":"https:\/\/chimelongpenguinhotel.com\/de\/wp-json\/wp\/v2\/pages\/612\/revisions"}],"wp:attachment":[{"href":"https:\/\/chimelongpenguinhotel.com\/de\/wp-json\/wp\/v2\/media?parent=612"}],"curies":[{"name":"wp","href":"https:\/\/api.w.org\/{rel}","templated":true}]}}