{"id":2106,"date":"2021-03-25T04:08:26","date_gmt":"2021-03-25T04:08:26","guid":{"rendered":"http:\/\/localhost\/nuss\/?page_id=298"},"modified":"2025-12-04T15:16:59","modified_gmt":"2025-12-04T15:16:59","slug":"experiencias","status":"publish","type":"page","link":"https:\/\/chimelongpenguinhotel.com\/es\/experiences\/","title":{"rendered":"Experiencias"},"content":{"rendered":"<div data-elementor-type=\"wp-page\" data-elementor-id=\"2106\" class=\"elementor elementor-2106\">\n\t\t\t\t\t\t<section class=\"elementor-section elementor-top-section elementor-element elementor-element-1954ffc elementor-section-boxed elementor-section-gap-beside-yes elementor-section-height-default elementor-section-height-default elementor-section-column-vertical-align-stretch\" data-id=\"1954ffc\" data-element_type=\"section\" data-e-type=\"section\">\n\t\t\t\t\t\t<div class=\"elementor-container elementor-column-gap-extended\">\n\t\t\t\t\t<div class=\"elementor-column elementor-col-100 elementor-top-column elementor-element elementor-element-86aebc5\" data-id=\"86aebc5\" data-element_type=\"column\" data-e-type=\"column\">\n\t\t\t<div class=\"elementor-widget-wrap elementor-element-populated\">\n\t\t\t\t\t\t<div class=\"elementor-element elementor-element-11803d1 elementor-widget__width-initial elementor-invisible elementor-widget elementor-widget-text-editor\" data-id=\"11803d1\" data-element_type=\"widget\" data-e-type=\"widget\" data-settings=\"{&quot;_animation&quot;:&quot;nussFadeInUp&quot;}\" data-widget_type=\"text-editor.default\">\n\t\t\t\t<div class=\"elementor-widget-container\">\n\t\t\t\t\t\t\t\t\t<p>Queremos que nuestros hu\u00e9spedes experimenten algo especial durante sus estancias con nosotros, ya que las grandes experiencias crean grandes recuerdos.<\/p>\t\t\t\t\t\t\t\t<\/div>\n\t\t\t\t<\/div>\n\t\t\t\t\t<\/div>\n\t\t<\/div>\n\t\t\t\t\t<\/div>\n\t\t<\/section>\n\t\t\t\t<section class=\"elementor-section elementor-top-section elementor-element elementor-element-b2344ff elementor-section-gap-beside-no elementor-section-boxed elementor-section-height-default elementor-section-height-default elementor-section-column-vertical-align-stretch\" data-id=\"b2344ff\" data-element_type=\"section\" data-e-type=\"section\">\n\t\t\t\t\t\t<div class=\"elementor-container elementor-column-gap-extended\">\n\t\t\t\t\t<div class=\"elementor-column elementor-col-50 elementor-top-column elementor-element elementor-element-4698ec8\" data-id=\"4698ec8\" data-element_type=\"column\" data-e-type=\"column\">\n\t\t\t<div class=\"elementor-widget-wrap elementor-element-populated\">\n\t\t\t\t\t\t<div class=\"elementor-element elementor-element-88e5290 elementor-invisible nuss-elementor-loading nuss-slide-in-right elementor-widget elementor-widget-image\" data-id=\"88e5290\" data-element_type=\"widget\" data-e-type=\"widget\" data-settings=\"{&quot;_animation&quot;:&quot;nussSlideInRight&quot;}\" data-widget_type=\"image.default\">\n\t\t\t\t<div class=\"elementor-widget-container\">\n\t\t\t\t\t\t\t\t\t\t\t\t\t\t\t<img fetchpriority=\"high\" decoding=\"async\" width=\"1080\" height=\"606\" src=\"https:\/\/chimelongpenguinhotel.com\/wp-content\/uploads\/2025\/05\/Chimelong-Penguin-Hotel-k.jpg\" class=\"attachment-full size-full wp-image-5766\" alt=\"\" srcset=\"https:\/\/chimelongpenguinhotel.com\/wp-content\/uploads\/2025\/05\/Chimelong-Penguin-Hotel-k.jpg 1080w, https:\/\/chimelongpenguinhotel.com\/wp-content\/uploads\/2025\/05\/Chimelong-Penguin-Hotel-k-300x168.jpg 300w, https:\/\/chimelongpenguinhotel.com\/wp-content\/uploads\/2025\/05\/Chimelong-Penguin-Hotel-k-1024x575.jpg 1024w, https:\/\/chimelongpenguinhotel.com\/wp-content\/uploads\/2025\/05\/Chimelong-Penguin-Hotel-k-768x431.jpg 768w, https:\/\/chimelongpenguinhotel.com\/wp-content\/uploads\/2025\/05\/Chimelong-Penguin-Hotel-k-18x10.jpg 18w\" sizes=\"(max-width: 1080px) 100vw, 1080px\" \/>\t\t\t\t\t\t\t\t\t\t\t\t\t\t\t<\/div>\n\t\t\t\t<\/div>\n\t\t\t\t\t<\/div>\n\t\t<\/div>\n\t\t\t\t<div class=\"elementor-column elementor-col-50 elementor-top-column elementor-element elementor-element-4b9e677\" data-id=\"4b9e677\" data-element_type=\"column\" data-e-type=\"column\">\n\t\t\t<div class=\"elementor-widget-wrap elementor-element-populated\">\n\t\t\t\t\t\t<div class=\"elementor-element elementor-element-bc0b7e2 elementor-invisible elementor-widget elementor-widget-text-editor\" data-id=\"bc0b7e2\" data-element_type=\"widget\" data-e-type=\"widget\" data-settings=\"{&quot;_animation&quot;:&quot;nussFadeInUp&quot;}\" data-widget_type=\"text-editor.default\">\n\t\t\t\t<div class=\"elementor-widget-container\">\n\t\t\t\t\t\t\t\t\t<p>En el Chimelong Penguin Hotel, ubicado en el coraz\u00f3n del Nuevo Distrito de Hengqin, Zhuhai, provincia de Guangdong, la verdadera medida de la excelencia reside en las opiniones de sus hu\u00e9spedes. Desde su inauguraci\u00f3n en 2015, este encantador hotel de 5 estrellas, con una tem\u00e1tica \u00fanica en torno al encanto de los ping\u00fcinos, ha recibido a innumerables familias, parejas y viajeros de todo el mundo, gan\u00e1ndose una extraordinaria reputaci\u00f3n por crear estancias m\u00e1gicas e inolvidables. Ubicado junto al impresionante Ocean World, dentro del Chimelong International Ocean Tourist Resort, el hotel se ha convertido en un destino predilecto, como lo refleja su excelente calificaci\u00f3n global de 9,4 sobre 10, basada en m\u00e1s de 21\u00a0914 sinceras rese\u00f1as. Estos testimonios reflejan una v\u00edvida imagen de hospitalidad excepcional, dise\u00f1o imaginativo y compromiso por superar las expectativas, convirtiendo cada visita en un recuerdo imborrable.<\/p>\t\t\t\t\t\t\t\t<\/div>\n\t\t\t\t<\/div>\n\t\t\t\t\t<\/div>\n\t\t<\/div>\n\t\t\t\t\t<\/div>\n\t\t<\/section>\n\t\t\t\t<section class=\"elementor-section elementor-top-section elementor-element elementor-element-575fc68 elementor-section-gap-beside-no elementor-section-boxed elementor-section-height-default elementor-section-height-default elementor-section-column-vertical-align-stretch\" data-id=\"575fc68\" data-element_type=\"section\" data-e-type=\"section\">\n\t\t\t\t\t\t<div class=\"elementor-container elementor-column-gap-extended\">\n\t\t\t\t\t<div class=\"elementor-column elementor-col-50 elementor-top-column elementor-element elementor-element-dd03a56\" data-id=\"dd03a56\" data-element_type=\"column\" data-e-type=\"column\">\n\t\t\t<div class=\"elementor-widget-wrap elementor-element-populated\">\n\t\t\t\t\t\t<div class=\"elementor-element elementor-element-78ab5be elementor-invisible nuss-elementor-loading nuss-slide-in-right elementor-widget elementor-widget-image\" data-id=\"78ab5be\" data-element_type=\"widget\" data-e-type=\"widget\" data-settings=\"{&quot;_animation&quot;:&quot;nussSlideInRight&quot;}\" data-widget_type=\"image.default\">\n\t\t\t\t<div class=\"elementor-widget-container\">\n\t\t\t\t\t\t\t\t\t\t\t\t\t\t\t<img decoding=\"async\" width=\"1277\" height=\"853\" src=\"https:\/\/chimelongpenguinhotel.com\/wp-content\/uploads\/2025\/05\/Chimelong-Penguin-Hotel-21.webp\" class=\"attachment-full size-full wp-image-5765\" alt=\"\" srcset=\"https:\/\/chimelongpenguinhotel.com\/wp-content\/uploads\/2025\/05\/Chimelong-Penguin-Hotel-21.webp 1277w, https:\/\/chimelongpenguinhotel.com\/wp-content\/uploads\/2025\/05\/Chimelong-Penguin-Hotel-21-300x200.webp 300w, https:\/\/chimelongpenguinhotel.com\/wp-content\/uploads\/2025\/05\/Chimelong-Penguin-Hotel-21-1024x684.webp 1024w, https:\/\/chimelongpenguinhotel.com\/wp-content\/uploads\/2025\/05\/Chimelong-Penguin-Hotel-21-768x513.webp 768w, https:\/\/chimelongpenguinhotel.com\/wp-content\/uploads\/2025\/05\/Chimelong-Penguin-Hotel-21-18x12.webp 18w\" sizes=\"(max-width: 1277px) 100vw, 1277px\" \/>\t\t\t\t\t\t\t\t\t\t\t\t\t\t\t<\/div>\n\t\t\t\t<\/div>\n\t\t\t\t\t<\/div>\n\t\t<\/div>\n\t\t\t\t<div class=\"elementor-column elementor-col-50 elementor-top-column elementor-element elementor-element-364a6b2\" data-id=\"364a6b2\" data-element_type=\"column\" data-e-type=\"column\">\n\t\t\t<div class=\"elementor-widget-wrap elementor-element-populated\">\n\t\t\t\t\t\t<div class=\"elementor-element elementor-element-ccbb94d elementor-invisible elementor-widget elementor-widget-text-editor\" data-id=\"ccbb94d\" data-element_type=\"widget\" data-e-type=\"widget\" data-settings=\"{&quot;_animation&quot;:&quot;nussFadeInUp&quot;}\" data-widget_type=\"text-editor.default\">\n\t\t\t\t<div class=\"elementor-widget-container\">\n\t\t\t\t\t\t\t\t\t<p>Los hu\u00e9spedes elogian constantemente el ambiente l\u00fadico e inmersivo del hotel, donde cada rinc\u00f3n, desde el vest\u00edbulo azul hielo adornado con adorables motivos de ping\u00fcinos hasta las habitaciones cuidadosamente tem\u00e1ticas, inspira alegr\u00eda y asombro. Las familias, en particular, destacan la perfecta combinaci\u00f3n de diversi\u00f3n y comodidad, y suelen elogiar el exclusivo club infantil y la proximidad a Chimelong Ocean Kingdom como elementos innovadores para sus vacaciones. Las parejas y quienes viajan solos, por su parte, aprecian las lujosas comodidades, el atento servicio y los espacios serenos como la piscina y las zonas de descanso, que ofrecen un refugio perfecto tras un d\u00eda de aventuras. Las experiencias gastron\u00f3micas en el restaurante del hotel tambi\u00e9n reciben excelentes comentarios, y muchos hu\u00e9spedes celebran la variedad de su men\u00fa, que satisface tanto los gustos locales como internacionales en un entorno \u00fanico y encantador.<\/p>\t\t\t\t\t\t\t\t<\/div>\n\t\t\t\t<\/div>\n\t\t\t\t\t<\/div>\n\t\t<\/div>\n\t\t\t\t\t<\/div>\n\t\t<\/section>\n\t\t\t\t<section class=\"elementor-section elementor-top-section elementor-element elementor-element-7853fd5 elementor-section-gap-beside-no elementor-section-boxed elementor-section-height-default elementor-section-height-default elementor-section-column-vertical-align-stretch\" data-id=\"7853fd5\" data-element_type=\"section\" data-e-type=\"section\">\n\t\t\t\t\t\t<div class=\"elementor-container elementor-column-gap-extended\">\n\t\t\t\t\t<div class=\"elementor-column elementor-col-50 elementor-top-column elementor-element elementor-element-9a8fa64\" data-id=\"9a8fa64\" data-element_type=\"column\" data-e-type=\"column\">\n\t\t\t<div class=\"elementor-widget-wrap elementor-element-populated\">\n\t\t\t\t\t\t<div class=\"elementor-element elementor-element-6f7d3f1 elementor-invisible nuss-elementor-loading nuss-slide-in-right elementor-widget elementor-widget-image\" data-id=\"6f7d3f1\" data-element_type=\"widget\" data-e-type=\"widget\" data-settings=\"{&quot;_animation&quot;:&quot;nussSlideInRight&quot;}\" data-widget_type=\"image.default\">\n\t\t\t\t<div class=\"elementor-widget-container\">\n\t\t\t\t\t\t\t\t\t\t\t\t\t\t\t<img decoding=\"async\" width=\"900\" height=\"600\" src=\"https:\/\/chimelongpenguinhotel.com\/wp-content\/uploads\/2025\/05\/Chimelong-Penguin-Hotel-900.jpg\" class=\"attachment-full size-full wp-image-5645\" alt=\"\" srcset=\"https:\/\/chimelongpenguinhotel.com\/wp-content\/uploads\/2025\/05\/Chimelong-Penguin-Hotel-900.jpg 900w, https:\/\/chimelongpenguinhotel.com\/wp-content\/uploads\/2025\/05\/Chimelong-Penguin-Hotel-900-300x200.jpg 300w, https:\/\/chimelongpenguinhotel.com\/wp-content\/uploads\/2025\/05\/Chimelong-Penguin-Hotel-900-768x512.jpg 768w, https:\/\/chimelongpenguinhotel.com\/wp-content\/uploads\/2025\/05\/Chimelong-Penguin-Hotel-900-18x12.jpg 18w\" sizes=\"(max-width: 900px) 100vw, 900px\" \/>\t\t\t\t\t\t\t\t\t\t\t\t\t\t\t<\/div>\n\t\t\t\t<\/div>\n\t\t\t\t\t<\/div>\n\t\t<\/div>\n\t\t\t\t<div class=\"elementor-column elementor-col-50 elementor-top-column elementor-element elementor-element-abd874b\" data-id=\"abd874b\" data-element_type=\"column\" data-e-type=\"column\">\n\t\t\t<div class=\"elementor-widget-wrap elementor-element-populated\">\n\t\t\t\t\t\t<div class=\"elementor-element elementor-element-a80ff28 elementor-invisible elementor-widget elementor-widget-text-editor\" data-id=\"a80ff28\" data-element_type=\"widget\" data-e-type=\"widget\" data-settings=\"{&quot;_animation&quot;:&quot;nussFadeInUp&quot;}\" data-widget_type=\"text-editor.default\">\n\t\t\t\t<div class=\"elementor-widget-container\">\n\t\t\t\t\t\t\t\t\t<p>M\u00e1s all\u00e1 de la oferta f\u00edsica, la calidez del personal es lo que destaca en la experiencia del cliente. Los usuarios suelen mencionar la atenci\u00f3n personalizada, desde la c\u00e1lida bienvenida al registrarse hasta los detalles que hacen que los hu\u00e9spedes se sientan como en casa. Ya sea ayudando con las entradas al parque, atendiendo solicitudes especiales o garantizando una estancia sin contratiempos, la dedicaci\u00f3n del equipo del Chimelong Penguin Hotel impacta profundamente a los visitantes. Estas historias de servicio excepcional, combinadas con el innovador enfoque del hotel en el entretenimiento familiar, subrayan por qu\u00e9 ostenta la codiciada categor\u00eda de 5 estrellas para tantos.<\/p>\t\t\t\t\t\t\t\t<\/div>\n\t\t\t\t<\/div>\n\t\t\t\t\t<\/div>\n\t\t<\/div>\n\t\t\t\t\t<\/div>\n\t\t<\/section>\n\t\t\t\t<section class=\"elementor-section elementor-top-section elementor-element elementor-element-c0e97ec elementor-section-gap-beside-no elementor-section-boxed elementor-section-height-default elementor-section-height-default elementor-section-column-vertical-align-stretch\" data-id=\"c0e97ec\" data-element_type=\"section\" data-e-type=\"section\">\n\t\t\t\t\t\t<div class=\"elementor-container elementor-column-gap-extended\">\n\t\t\t\t\t<div class=\"elementor-column elementor-col-50 elementor-top-column elementor-element elementor-element-f8eddc1\" data-id=\"f8eddc1\" data-element_type=\"column\" data-e-type=\"column\">\n\t\t\t<div class=\"elementor-widget-wrap elementor-element-populated\">\n\t\t\t\t\t\t<div class=\"elementor-element elementor-element-d514d9d elementor-invisible nuss-elementor-loading nuss-slide-in-right elementor-widget elementor-widget-image\" data-id=\"d514d9d\" data-element_type=\"widget\" data-e-type=\"widget\" data-settings=\"{&quot;_animation&quot;:&quot;nussSlideInRight&quot;}\" data-widget_type=\"image.default\">\n\t\t\t\t<div class=\"elementor-widget-container\">\n\t\t\t\t\t\t\t\t\t\t\t\t\t\t\t<img loading=\"lazy\" decoding=\"async\" width=\"1066\" height=\"853\" src=\"https:\/\/chimelongpenguinhotel.com\/wp-content\/uploads\/2025\/05\/1mc4412000jqwj32950A9_W_1280_853_R5.webp\" class=\"attachment-full size-full wp-image-5764\" alt=\"\" srcset=\"https:\/\/chimelongpenguinhotel.com\/wp-content\/uploads\/2025\/05\/1mc4412000jqwj32950A9_W_1280_853_R5.webp 1066w, https:\/\/chimelongpenguinhotel.com\/wp-content\/uploads\/2025\/05\/1mc4412000jqwj32950A9_W_1280_853_R5-300x240.webp 300w, https:\/\/chimelongpenguinhotel.com\/wp-content\/uploads\/2025\/05\/1mc4412000jqwj32950A9_W_1280_853_R5-1024x819.webp 1024w, https:\/\/chimelongpenguinhotel.com\/wp-content\/uploads\/2025\/05\/1mc4412000jqwj32950A9_W_1280_853_R5-768x615.webp 768w, https:\/\/chimelongpenguinhotel.com\/wp-content\/uploads\/2025\/05\/1mc4412000jqwj32950A9_W_1280_853_R5-15x12.webp 15w\" sizes=\"(max-width: 1066px) 100vw, 1066px\" \/>\t\t\t\t\t\t\t\t\t\t\t\t\t\t\t<\/div>\n\t\t\t\t<\/div>\n\t\t\t\t\t<\/div>\n\t\t<\/div>\n\t\t\t\t<div class=\"elementor-column elementor-col-50 elementor-top-column elementor-element elementor-element-02329e1\" data-id=\"02329e1\" data-element_type=\"column\" data-e-type=\"column\">\n\t\t\t<div class=\"elementor-widget-wrap elementor-element-populated\">\n\t\t\t\t\t\t<div class=\"elementor-element elementor-element-1c62ff5 elementor-invisible elementor-widget elementor-widget-text-editor\" data-id=\"1c62ff5\" data-element_type=\"widget\" data-e-type=\"widget\" data-settings=\"{&quot;_animation&quot;:&quot;nussFadeInUp&quot;}\" data-widget_type=\"text-editor.default\">\n\t\t\t\t<div class=\"elementor-widget-container\">\n\t\t\t\t\t\t\t\t\t<p>Las rese\u00f1as tambi\u00e9n reflejan la capacidad del hotel para atender a un p\u00fablico global, con hu\u00e9spedes de diversos or\u00edgenes que comparten su deleite con la perfecta combinaci\u00f3n de encanto cultural y lujo moderno. Ya sea un visitante primerizo que se maravilla con la decoraci\u00f3n con tem\u00e1tica de ping\u00fcinos o un hu\u00e9sped que regresa con ganas de revivir la magia, los comentarios destacan constantemente al Chimelong Penguin Hotel como un lugar donde la imaginaci\u00f3n se fusiona con una hospitalidad inigualable. Sum\u00e9rjase en las experiencias de estos clientes y descubra por qu\u00e9 este extraordinario hotel sigue conquistando corazones, con una encantadora estancia a la vez.<\/p>\t\t\t\t\t\t\t\t<\/div>\n\t\t\t\t<\/div>\n\t\t\t\t\t<\/div>\n\t\t<\/div>\n\t\t\t\t\t<\/div>\n\t\t<\/section>\n\t\t\t\t<\/div>","protected":false},"excerpt":{"rendered":"<p>We want our guests to experience something special during their stays with us, as great experiences create great memories. At Chimelong Penguin Hotel, located in the heart of Hengqin New District, Zhuhai, Guangdong Province, the true measure of excellence lies in the voices of its guests. Since its grand opening in 2015, this whimsical 5-star [&hellip;]<\/p>\n","protected":false},"author":1,"featured_media":0,"parent":0,"menu_order":0,"comment_status":"closed","ping_status":"closed","template":"","meta":{"footnotes":""},"class_list":["post-2106","page","type-page","status-publish","hentry","post-no-thumbnail"],"_links":{"self":[{"href":"https:\/\/chimelongpenguinhotel.com\/es\/wp-json\/wp\/v2\/pages\/2106","targetHints":{"allow":["GET"]}}],"collection":[{"href":"https:\/\/chimelongpenguinhotel.com\/es\/wp-json\/wp\/v2\/pages"}],"about":[{"href":"https:\/\/chimelongpenguinhotel.com\/es\/wp-json\/wp\/v2\/types\/page"}],"author":[{"embeddable":true,"href":"https:\/\/chimelongpenguinhotel.com\/es\/wp-json\/wp\/v2\/users\/1"}],"replies":[{"embeddable":true,"href":"https:\/\/chimelongpenguinhotel.com\/es\/wp-json\/wp\/v2\/comments?post=2106"}],"version-history":[{"count":0,"href":"https:\/\/chimelongpenguinhotel.com\/es\/wp-json\/wp\/v2\/pages\/2106\/revisions"}],"wp:attachment":[{"href":"https:\/\/chimelongpenguinhotel.com\/es\/wp-json\/wp\/v2\/media?parent=2106"}],"curies":[{"name":"wp","href":"https:\/\/api.w.org\/{rel}","templated":true}]}}