{"id":612,"date":"2021-03-26T10:04:13","date_gmt":"2021-03-26T10:04:13","guid":{"rendered":"http:\/\/localhost\/nuss\/?page_id=612"},"modified":"2025-12-04T15:17:30","modified_gmt":"2025-12-04T15:17:30","slug":"restaurante","status":"publish","type":"page","link":"https:\/\/chimelongpenguinhotel.com\/es\/restaurant\/","title":{"rendered":"Restaurante"},"content":{"rendered":"<div data-elementor-type=\"wp-page\" data-elementor-id=\"612\" class=\"elementor elementor-612\">\n\t\t\t\t\t\t<section class=\"elementor-section elementor-top-section elementor-element elementor-element-e2effe8 elementor-section-boxed elementor-section-gap-beside-yes elementor-section-height-default elementor-section-height-default elementor-section-column-vertical-align-stretch\" data-id=\"e2effe8\" data-element_type=\"section\" data-e-type=\"section\">\n\t\t\t\t\t\t<div class=\"elementor-container elementor-column-gap-extended\">\n\t\t\t\t\t<div class=\"elementor-column elementor-col-100 elementor-top-column elementor-element elementor-element-e18f688\" data-id=\"e18f688\" data-element_type=\"column\" data-e-type=\"column\">\n\t\t\t<div class=\"elementor-widget-wrap elementor-element-populated\">\n\t\t\t\t\t\t<div class=\"elementor-element elementor-element-6db146d elementor-widget__width-initial elementor-invisible elementor-widget elementor-widget-text-editor\" data-id=\"6db146d\" data-element_type=\"widget\" data-e-type=\"widget\" data-settings=\"{&quot;_animation&quot;:&quot;nussFadeInUp&quot;}\" data-widget_type=\"text-editor.default\">\n\t\t\t\t<div class=\"elementor-widget-container\">\n\t\t\t\t\t\t\t\t\t<p>Sum\u00e9rjase en una aventura culinaria en el restaurante exclusivo de Chimelong Penguin Hotel, donde deliciosos sabores se combinan con el ambiente encantador de un pa\u00eds de las maravillas inspirado en los ping\u00fcinos.<\/p>\t\t\t\t\t\t\t\t<\/div>\n\t\t\t\t<\/div>\n\t\t\t\t\t<\/div>\n\t\t<\/div>\n\t\t\t\t\t<\/div>\n\t\t<\/section>\n\t\t<div class=\"elementor-element elementor-element-cf2568c e-flex e-con-boxed e-con e-parent\" data-id=\"cf2568c\" data-element_type=\"container\" data-e-type=\"container\">\n\t\t\t\t\t<div class=\"e-con-inner\">\n\t\t\t\t<div class=\"elementor-element elementor-element-7da4cb8 elementor-widget elementor-widget-nuss-image-gallery\" data-id=\"7da4cb8\" data-element_type=\"widget\" data-e-type=\"widget\" data-widget_type=\"nuss-image-gallery.default\">\n\t\t\t\t<div class=\"elementor-widget-container\">\n\t\t\t\t\t\t\t<div class=\"nuss-grid-wrapper\" data-grid=\"{&quot;type&quot;:&quot;grid&quot;,&quot;ratio&quot;:null,&quot;columns&quot;:3,&quot;gutter&quot;:30}\">\r\n\t\t\t<div class=\"nuss-grid lazy-grid\">\r\n\t\t\t\t<div class=\"grid-sizer\"><\/div>\r\n\r\n\t\t\t\t\t\t\t\t\t\t\t\t<div class=\"grid-item\">\r\n\t\t\t\t\t\t<div class=\"nuss-box\">\t\t<div class=\"nuss-image image\">\r\n\t\t\t<img decoding=\"async\"  src=\"https:\/\/chimelongpenguinhotel.com\/wp-content\/uploads\/2025\/05\/chimelong-genuin-dinning-17.webp\" alt=\"Cena aut\u00e9ntica de Chimelong (17)\" \/>\t\t<\/div>\r\n\t\t\t\t<\/div>\t\t\t\t\t<\/div>\r\n\t\t\t\t\t\t<div class=\"grid-item\">\r\n\t\t\t\t\t\t<div class=\"nuss-box\">\t\t<div class=\"nuss-image image\">\r\n\t\t\t<img decoding=\"async\"  src=\"https:\/\/chimelongpenguinhotel.com\/wp-content\/uploads\/2025\/05\/chimelong-genuin-dinning-16.webp\" alt=\"Chimelong cena genuina (16)\" \/>\t\t<\/div>\r\n\t\t\t\t<\/div>\t\t\t\t\t<\/div>\r\n\t\t\t\t\t\t<div class=\"grid-item\">\r\n\t\t\t\t\t\t<div class=\"nuss-box\">\t\t<div class=\"nuss-image image\">\r\n\t\t\t<img decoding=\"async\"  src=\"https:\/\/chimelongpenguinhotel.com\/wp-content\/uploads\/2025\/05\/chimelong-genuin-dinning-15.webp\" alt=\"Cena aut\u00e9ntica Chimelong (15)\" \/>\t\t<\/div>\r\n\t\t\t\t<\/div>\t\t\t\t\t<\/div>\r\n\t\t\t\t\t\t<div class=\"grid-item\">\r\n\t\t\t\t\t\t<div class=\"nuss-box\">\t\t<div class=\"nuss-image image\">\r\n\t\t\t<img decoding=\"async\"  src=\"https:\/\/chimelongpenguinhotel.com\/wp-content\/uploads\/2025\/05\/chimelong-genuin-dinning-14.webp\" alt=\"Cena aut\u00e9ntica Chimelong (14)\" \/>\t\t<\/div>\r\n\t\t\t\t<\/div>\t\t\t\t\t<\/div>\r\n\t\t\t\t\t\t<div class=\"grid-item\">\r\n\t\t\t\t\t\t<div class=\"nuss-box\">\t\t<div class=\"nuss-image image\">\r\n\t\t\t<img decoding=\"async\"  src=\"https:\/\/chimelongpenguinhotel.com\/wp-content\/uploads\/2025\/05\/chimelong-genuin-dinning-13.webp\" alt=\"Cena aut\u00e9ntica de Chimelong (13)\" \/>\t\t<\/div>\r\n\t\t\t\t<\/div>\t\t\t\t\t<\/div>\r\n\t\t\t\t\t\t<div class=\"grid-item\">\r\n\t\t\t\t\t\t<div class=\"nuss-box\">\t\t<div class=\"nuss-image image\">\r\n\t\t\t<img decoding=\"async\"  src=\"https:\/\/chimelongpenguinhotel.com\/wp-content\/uploads\/2025\/05\/chimelong-genuin-dinning-12.webp\" alt=\"Cena aut\u00e9ntica Chimelong (12)\" \/>\t\t<\/div>\r\n\t\t\t\t<\/div>\t\t\t\t\t<\/div>\r\n\t\t\t\t\t\t<div class=\"grid-item\">\r\n\t\t\t\t\t\t<div class=\"nuss-box\">\t\t<div class=\"nuss-image image\">\r\n\t\t\t<img decoding=\"async\"  src=\"https:\/\/chimelongpenguinhotel.com\/wp-content\/uploads\/2025\/05\/chimelong-genuin-dinning-11.webp\" alt=\"Cena aut\u00e9ntica de Chimelong (11)\" \/>\t\t<\/div>\r\n\t\t\t\t<\/div>\t\t\t\t\t<\/div>\r\n\t\t\t\t\t\t<div class=\"grid-item\">\r\n\t\t\t\t\t\t<div class=\"nuss-box\">\t\t<div class=\"nuss-image image\">\r\n\t\t\t<img decoding=\"async\"  src=\"https:\/\/chimelongpenguinhotel.com\/wp-content\/uploads\/2025\/05\/chimelong-genuin-dinning-10.webp\" alt=\"Cena aut\u00e9ntica Chimelong (10)\" \/>\t\t<\/div>\r\n\t\t\t\t<\/div>\t\t\t\t\t<\/div>\r\n\t\t\t\t\t\t<div class=\"grid-item\">\r\n\t\t\t\t\t\t<div class=\"nuss-box\">\t\t<div class=\"nuss-image image\">\r\n\t\t\t<img decoding=\"async\"  src=\"https:\/\/chimelongpenguinhotel.com\/wp-content\/uploads\/2025\/05\/chimelong-genuin-dinning-9.webp\" alt=\"Chimelong cena genuina (9)\" \/>\t\t<\/div>\r\n\t\t\t\t<\/div>\t\t\t\t\t<\/div>\r\n\t\t\t\t\t\t<div class=\"grid-item\">\r\n\t\t\t\t\t\t<div class=\"nuss-box\">\t\t<div class=\"nuss-image image\">\r\n\t\t\t<img decoding=\"async\"  src=\"https:\/\/chimelongpenguinhotel.com\/wp-content\/uploads\/2025\/05\/chimelong-genuin-dinning-8.webp\" alt=\"Cena aut\u00e9ntica Chimelong (8)\" \/>\t\t<\/div>\r\n\t\t\t\t<\/div>\t\t\t\t\t<\/div>\r\n\t\t\t\t\t\t<div class=\"grid-item\">\r\n\t\t\t\t\t\t<div class=\"nuss-box\">\t\t<div class=\"nuss-image image\">\r\n\t\t\t<img decoding=\"async\"  src=\"https:\/\/chimelongpenguinhotel.com\/wp-content\/uploads\/2025\/05\/chimelong-genuin-dinning-7.webp\" alt=\"Cena aut\u00e9ntica de Chimelong (7)\" \/>\t\t<\/div>\r\n\t\t\t\t<\/div>\t\t\t\t\t<\/div>\r\n\t\t\t\t\t\t<div class=\"grid-item\">\r\n\t\t\t\t\t\t<div class=\"nuss-box\">\t\t<div class=\"nuss-image image\">\r\n\t\t\t<img decoding=\"async\"  src=\"https:\/\/chimelongpenguinhotel.com\/wp-content\/uploads\/2025\/05\/chimelong-genuin-dinning-6.webp\" alt=\"Chimelong cena genuina (6)\" \/>\t\t<\/div>\r\n\t\t\t\t<\/div>\t\t\t\t\t<\/div>\r\n\t\t\t\t\t\t<div class=\"grid-item\">\r\n\t\t\t\t\t\t<div class=\"nuss-box\">\t\t<div class=\"nuss-image image\">\r\n\t\t\t<img decoding=\"async\"  src=\"https:\/\/chimelongpenguinhotel.com\/wp-content\/uploads\/2025\/05\/chimelong-genuin-dinning-5.webp\" alt=\"Chimelong cena genuina (5)\" \/>\t\t<\/div>\r\n\t\t\t\t<\/div>\t\t\t\t\t<\/div>\r\n\t\t\t\t\t\t<div class=\"grid-item\">\r\n\t\t\t\t\t\t<div class=\"nuss-box\">\t\t<div class=\"nuss-image image\">\r\n\t\t\t<img decoding=\"async\"  src=\"https:\/\/chimelongpenguinhotel.com\/wp-content\/uploads\/2025\/05\/chimelong-genuin-dinning-4.webp\" alt=\"Cena aut\u00e9ntica Chimelong (4)\" \/>\t\t<\/div>\r\n\t\t\t\t<\/div>\t\t\t\t\t<\/div>\r\n\t\t\t\t\t\t<div class=\"grid-item\">\r\n\t\t\t\t\t\t<div class=\"nuss-box\">\t\t<div class=\"nuss-image image\">\r\n\t\t\t<img decoding=\"async\"  src=\"https:\/\/chimelongpenguinhotel.com\/wp-content\/uploads\/2025\/05\/chimelong-genuin-dinning-3.webp\" alt=\"Cena aut\u00e9ntica Chimelong (3)\" \/>\t\t<\/div>\r\n\t\t\t\t<\/div>\t\t\t\t\t<\/div>\r\n\t\t\t\t\t\t<div class=\"grid-item\">\r\n\t\t\t\t\t\t<div class=\"nuss-box\">\t\t<div class=\"nuss-image image\">\r\n\t\t\t<img decoding=\"async\"  src=\"https:\/\/chimelongpenguinhotel.com\/wp-content\/uploads\/2025\/05\/chimelong-genuin-dinning-2.webp\" alt=\"Cena aut\u00e9ntica de Chimelong (2)\" \/>\t\t<\/div>\r\n\t\t\t\t<\/div>\t\t\t\t\t<\/div>\r\n\t\t\t\t\t\t<div class=\"grid-item\">\r\n\t\t\t\t\t\t<div class=\"nuss-box\">\t\t<div class=\"nuss-image image\">\r\n\t\t\t<img decoding=\"async\"  src=\"https:\/\/chimelongpenguinhotel.com\/wp-content\/uploads\/2025\/05\/chimelong-genuin-dinning-1.webp\" alt=\"Cena aut\u00e9ntica de Chimelong (1)\" \/>\t\t<\/div>\r\n\t\t\t\t<\/div>\t\t\t\t\t<\/div>\r\n\t\t\t\t\t\t<div class=\"grid-item\">\r\n\t\t\t\t\t\t<div class=\"nuss-box\">\t\t<div class=\"nuss-image image\">\r\n\t\t\t<img decoding=\"async\"  src=\"https:\/\/chimelongpenguinhotel.com\/wp-content\/uploads\/2025\/05\/chimelong-genuin-dinning-19.webp\" alt=\"Chimelong Genuin Dinning 19\" \/>\t\t<\/div>\r\n\t\t\t\t<\/div>\t\t\t\t\t<\/div>\r\n\t\t\t\t\t\t\t\r\n\t\t\t<\/div>\r\n\t\t<\/div>\r\n\t\t\t\t\t\t<\/div>\n\t\t\t\t<\/div>\n\t\t\t\t\t<\/div>\n\t\t\t\t<\/div>\n\t\t<div class=\"elementor-element elementor-element-9979477 e-flex e-con-boxed e-con e-parent\" data-id=\"9979477\" data-element_type=\"container\" data-e-type=\"container\">\n\t\t\t\t\t<div class=\"e-con-inner\">\n\t\t<div class=\"elementor-element elementor-element-c5de628 e-con-full e-flex e-con e-child\" data-id=\"c5de628\" data-element_type=\"container\" data-e-type=\"container\">\n\t\t\t\t<div class=\"elementor-element elementor-element-cf04399 elementor-widget elementor-widget-text-editor\" data-id=\"cf04399\" data-element_type=\"widget\" data-e-type=\"widget\" data-widget_type=\"text-editor.default\">\n\t\t\t\t<div class=\"elementor-widget-container\">\n\t\t\t\t\t\t\t\t\t<p>Ubicado en el coraz\u00f3n de este encantador hotel de 5 estrellas en el nuevo distrito de Hengqin, Zhuhai, el restaurante ofrece una experiencia gastron\u00f3mica tan cautivadora como el propio hotel. Dise\u00f1ado para cautivar a hu\u00e9spedes de todas las edades, el local presenta una decoraci\u00f3n alegre con tonos azul hielo y adorables motivos de ping\u00fcinos, creando un ambiente \u00fanico que convierte cada comida en una ocasi\u00f3n memorable.<\/p><p>El restaurante del Hotel Chimelong Penguin se enorgullece de su variado men\u00fa, que satisface una amplia gama de paladares, combinando aut\u00e9ntica cocina china con especialidades internacionales. Disfrute de platos elaborados con los ingredientes m\u00e1s frescos, ya sean suculentos mariscos inspirados en el cercano Ocean World, especialidades tradicionales cantonesas o reconfortantes cl\u00e1sicos occidentales. Para las familias, un men\u00fa infantil garantiza que incluso los m\u00e1s peque\u00f1os disfruten de opciones a su medida.<\/p>\t\t\t\t\t\t\t\t<\/div>\n\t\t\t\t<\/div>\n\t\t\t\t<\/div>\n\t\t<div class=\"elementor-element elementor-element-e4e0f5c e-con-full e-flex e-con e-child\" data-id=\"e4e0f5c\" data-element_type=\"container\" data-e-type=\"container\">\n\t\t\t\t<div class=\"elementor-element elementor-element-45e32dd elementor-widget elementor-widget-image\" data-id=\"45e32dd\" data-element_type=\"widget\" data-e-type=\"widget\" data-widget_type=\"image.default\">\n\t\t\t\t<div class=\"elementor-widget-container\">\n\t\t\t\t\t\t\t\t\t\t\t\t\t\t\t<img fetchpriority=\"high\" decoding=\"async\" width=\"1024\" height=\"684\" src=\"https:\/\/chimelongpenguinhotel.com\/wp-content\/uploads\/2025\/05\/chimelong-genuin-dinning-18-1024x684.webp\" class=\"attachment-large size-large wp-image-5720\" alt=\"\" srcset=\"https:\/\/chimelongpenguinhotel.com\/wp-content\/uploads\/2025\/05\/chimelong-genuin-dinning-18-1024x684.webp 1024w, https:\/\/chimelongpenguinhotel.com\/wp-content\/uploads\/2025\/05\/chimelong-genuin-dinning-18-300x200.webp 300w, https:\/\/chimelongpenguinhotel.com\/wp-content\/uploads\/2025\/05\/chimelong-genuin-dinning-18-768x513.webp 768w, https:\/\/chimelongpenguinhotel.com\/wp-content\/uploads\/2025\/05\/chimelong-genuin-dinning-18-18x12.webp 18w, https:\/\/chimelongpenguinhotel.com\/wp-content\/uploads\/2025\/05\/chimelong-genuin-dinning-18.webp 1277w\" sizes=\"(max-width: 1024px) 100vw, 1024px\" \/>\t\t\t\t\t\t\t\t\t\t\t\t\t\t\t<\/div>\n\t\t\t\t<\/div>\n\t\t\t\t<\/div>\n\t\t\t\t\t<\/div>\n\t\t\t\t<\/div>\n\t\t<div class=\"elementor-element elementor-element-72961c6 e-flex e-con-boxed e-con e-parent\" data-id=\"72961c6\" data-element_type=\"container\" data-e-type=\"container\">\n\t\t\t\t\t<div class=\"e-con-inner\">\n\t\t<div class=\"elementor-element elementor-element-f0bfe1c e-con-full e-flex e-con e-child\" data-id=\"f0bfe1c\" data-element_type=\"container\" data-e-type=\"container\">\n\t\t\t\t<div class=\"elementor-element elementor-element-e480fb7 elementor-widget elementor-widget-image\" data-id=\"e480fb7\" data-element_type=\"widget\" data-e-type=\"widget\" data-widget_type=\"image.default\">\n\t\t\t\t<div class=\"elementor-widget-container\">\n\t\t\t\t\t\t\t\t\t\t\t\t\t\t\t<img decoding=\"async\" width=\"1024\" height=\"684\" src=\"https:\/\/chimelongpenguinhotel.com\/wp-content\/uploads\/2025\/05\/chimelong-genuin-dinning-19-1024x684.webp\" class=\"attachment-large size-large wp-image-5721\" alt=\"\" srcset=\"https:\/\/chimelongpenguinhotel.com\/wp-content\/uploads\/2025\/05\/chimelong-genuin-dinning-19-1024x684.webp 1024w, https:\/\/chimelongpenguinhotel.com\/wp-content\/uploads\/2025\/05\/chimelong-genuin-dinning-19-300x200.webp 300w, https:\/\/chimelongpenguinhotel.com\/wp-content\/uploads\/2025\/05\/chimelong-genuin-dinning-19-768x513.webp 768w, https:\/\/chimelongpenguinhotel.com\/wp-content\/uploads\/2025\/05\/chimelong-genuin-dinning-19-18x12.webp 18w, https:\/\/chimelongpenguinhotel.com\/wp-content\/uploads\/2025\/05\/chimelong-genuin-dinning-19.webp 1277w\" sizes=\"(max-width: 1024px) 100vw, 1024px\" \/>\t\t\t\t\t\t\t\t\t\t\t\t\t\t\t<\/div>\n\t\t\t\t<\/div>\n\t\t\t\t<\/div>\n\t\t<div class=\"elementor-element elementor-element-3133d39 e-con-full e-flex e-con e-child\" data-id=\"3133d39\" data-element_type=\"container\" data-e-type=\"container\">\n\t\t\t\t<div class=\"elementor-element elementor-element-907bcd8 elementor-widget elementor-widget-text-editor\" data-id=\"907bcd8\" data-element_type=\"widget\" data-e-type=\"widget\" data-widget_type=\"text-editor.default\">\n\t\t\t\t<div class=\"elementor-widget-container\">\n\t\t\t\t\t\t\t\t\t<p>M\u00e1s all\u00e1 de la comida, el restaurante ofrece un ambiente c\u00e1lido y acogedor, con un personal atento, listo para hacer de cada visita algo especial. Ya sea que disfrute de un abundante desayuno para comenzar un d\u00eda de aventuras en Chimelong Ocean Kingdom, se deleite con un almuerzo relajado o se relaje con una suntuosa cena despu\u00e9s de explorar el resort, la experiencia gastron\u00f3mica aqu\u00ed est\u00e1 dise\u00f1ada para complementar la magia de su estancia. Con vistas panor\u00e1micas y un ambiente animado y acogedor, es el lugar perfecto para reunirse con sus seres queridos y crear recuerdos imborrables.<\/p><p>Como complemento al compromiso del hotel con la excelencia, el restaurante del Chimelong Penguin Hotel es m\u00e1s que un simple lugar para comer: es un destino donde se fusionan el arte culinario y la imaginaci\u00f3n l\u00fadica. Venga y disfrute de un fest\u00edn para los sentidos en un entorno que captura el esp\u00edritu de los ping\u00fcinos, haciendo que cada bocado sea tan extraordinario como el entorno.<\/p>\t\t\t\t\t\t\t\t<\/div>\n\t\t\t\t<\/div>\n\t\t\t\t<\/div>\n\t\t\t\t\t<\/div>\n\t\t\t\t<\/div>\n\t\t\t\t<\/div>","protected":false},"excerpt":{"rendered":"<p>Dive into a culinary adventure at the signature restaurant of Chimelong Penguin Hotel, where delightful flavors meet the enchanting ambiance of a penguin-inspired wonderland. Nestled within the heart of this whimsical 5-star hotel in Hengqin New District, Zhuhai, the restaurant offers a dining experience that is as captivating as the hotel itself. Designed to charm [&hellip;]<\/p>\n","protected":false},"author":1,"featured_media":0,"parent":0,"menu_order":0,"comment_status":"closed","ping_status":"closed","template":"","meta":{"footnotes":""},"class_list":["post-612","page","type-page","status-publish","hentry","post-no-thumbnail"],"_links":{"self":[{"href":"https:\/\/chimelongpenguinhotel.com\/es\/wp-json\/wp\/v2\/pages\/612","targetHints":{"allow":["GET"]}}],"collection":[{"href":"https:\/\/chimelongpenguinhotel.com\/es\/wp-json\/wp\/v2\/pages"}],"about":[{"href":"https:\/\/chimelongpenguinhotel.com\/es\/wp-json\/wp\/v2\/types\/page"}],"author":[{"embeddable":true,"href":"https:\/\/chimelongpenguinhotel.com\/es\/wp-json\/wp\/v2\/users\/1"}],"replies":[{"embeddable":true,"href":"https:\/\/chimelongpenguinhotel.com\/es\/wp-json\/wp\/v2\/comments?post=612"}],"version-history":[{"count":0,"href":"https:\/\/chimelongpenguinhotel.com\/es\/wp-json\/wp\/v2\/pages\/612\/revisions"}],"wp:attachment":[{"href":"https:\/\/chimelongpenguinhotel.com\/es\/wp-json\/wp\/v2\/media?parent=612"}],"curies":[{"name":"wp","href":"https:\/\/api.w.org\/{rel}","templated":true}]}}