{"id":2106,"date":"2021-03-25T04:08:26","date_gmt":"2021-03-25T04:08:26","guid":{"rendered":"http:\/\/localhost\/nuss\/?page_id=298"},"modified":"2025-12-04T15:16:59","modified_gmt":"2025-12-04T15:16:59","slug":"experiences","status":"publish","type":"page","link":"https:\/\/chimelongpenguinhotel.com\/fr\/experiences\/","title":{"rendered":"Exp\u00e9riences"},"content":{"rendered":"<div data-elementor-type=\"wp-page\" data-elementor-id=\"2106\" class=\"elementor elementor-2106\">\n\t\t\t\t\t\t<section class=\"elementor-section elementor-top-section elementor-element elementor-element-1954ffc elementor-section-boxed elementor-section-gap-beside-yes elementor-section-height-default elementor-section-height-default elementor-section-column-vertical-align-stretch\" data-id=\"1954ffc\" data-element_type=\"section\" data-e-type=\"section\">\n\t\t\t\t\t\t<div class=\"elementor-container elementor-column-gap-extended\">\n\t\t\t\t\t<div class=\"elementor-column elementor-col-100 elementor-top-column elementor-element elementor-element-86aebc5\" data-id=\"86aebc5\" data-element_type=\"column\" data-e-type=\"column\">\n\t\t\t<div class=\"elementor-widget-wrap elementor-element-populated\">\n\t\t\t\t\t\t<div class=\"elementor-element elementor-element-11803d1 elementor-widget__width-initial elementor-invisible elementor-widget elementor-widget-text-editor\" data-id=\"11803d1\" data-element_type=\"widget\" data-e-type=\"widget\" data-settings=\"{&quot;_animation&quot;:&quot;nussFadeInUp&quot;}\" data-widget_type=\"text-editor.default\">\n\t\t\t\t<div class=\"elementor-widget-container\">\n\t\t\t\t\t\t\t\t\t<p>Nous souhaitons que nos clients vivent quelque chose de sp\u00e9cial lors de leur s\u00e9jour chez nous, car de grandes exp\u00e9riences cr\u00e9ent de grands souvenirs.<\/p>\t\t\t\t\t\t\t\t<\/div>\n\t\t\t\t<\/div>\n\t\t\t\t\t<\/div>\n\t\t<\/div>\n\t\t\t\t\t<\/div>\n\t\t<\/section>\n\t\t\t\t<section class=\"elementor-section elementor-top-section elementor-element elementor-element-b2344ff elementor-section-gap-beside-no elementor-section-boxed elementor-section-height-default elementor-section-height-default elementor-section-column-vertical-align-stretch\" data-id=\"b2344ff\" data-element_type=\"section\" data-e-type=\"section\">\n\t\t\t\t\t\t<div class=\"elementor-container elementor-column-gap-extended\">\n\t\t\t\t\t<div class=\"elementor-column elementor-col-50 elementor-top-column elementor-element elementor-element-4698ec8\" data-id=\"4698ec8\" data-element_type=\"column\" data-e-type=\"column\">\n\t\t\t<div class=\"elementor-widget-wrap elementor-element-populated\">\n\t\t\t\t\t\t<div class=\"elementor-element elementor-element-88e5290 elementor-invisible nuss-elementor-loading nuss-slide-in-right elementor-widget elementor-widget-image\" data-id=\"88e5290\" data-element_type=\"widget\" data-e-type=\"widget\" data-settings=\"{&quot;_animation&quot;:&quot;nussSlideInRight&quot;}\" data-widget_type=\"image.default\">\n\t\t\t\t<div class=\"elementor-widget-container\">\n\t\t\t\t\t\t\t\t\t\t\t\t\t\t\t<img fetchpriority=\"high\" decoding=\"async\" width=\"1080\" height=\"606\" src=\"https:\/\/chimelongpenguinhotel.com\/wp-content\/uploads\/2025\/05\/Chimelong-Penguin-Hotel-k.jpg\" class=\"attachment-full size-full wp-image-5766\" alt=\"\" srcset=\"https:\/\/chimelongpenguinhotel.com\/wp-content\/uploads\/2025\/05\/Chimelong-Penguin-Hotel-k.jpg 1080w, https:\/\/chimelongpenguinhotel.com\/wp-content\/uploads\/2025\/05\/Chimelong-Penguin-Hotel-k-300x168.jpg 300w, https:\/\/chimelongpenguinhotel.com\/wp-content\/uploads\/2025\/05\/Chimelong-Penguin-Hotel-k-1024x575.jpg 1024w, https:\/\/chimelongpenguinhotel.com\/wp-content\/uploads\/2025\/05\/Chimelong-Penguin-Hotel-k-768x431.jpg 768w, https:\/\/chimelongpenguinhotel.com\/wp-content\/uploads\/2025\/05\/Chimelong-Penguin-Hotel-k-18x10.jpg 18w\" sizes=\"(max-width: 1080px) 100vw, 1080px\" \/>\t\t\t\t\t\t\t\t\t\t\t\t\t\t\t<\/div>\n\t\t\t\t<\/div>\n\t\t\t\t\t<\/div>\n\t\t<\/div>\n\t\t\t\t<div class=\"elementor-column elementor-col-50 elementor-top-column elementor-element elementor-element-4b9e677\" data-id=\"4b9e677\" data-element_type=\"column\" data-e-type=\"column\">\n\t\t\t<div class=\"elementor-widget-wrap elementor-element-populated\">\n\t\t\t\t\t\t<div class=\"elementor-element elementor-element-bc0b7e2 elementor-invisible elementor-widget elementor-widget-text-editor\" data-id=\"bc0b7e2\" data-element_type=\"widget\" data-e-type=\"widget\" data-settings=\"{&quot;_animation&quot;:&quot;nussFadeInUp&quot;}\" data-widget_type=\"text-editor.default\">\n\t\t\t\t<div class=\"elementor-widget-container\">\n\t\t\t\t\t\t\t\t\t<p>Au Chimelong Penguin Hotel, situ\u00e9 au c\u0153ur du nouveau district de Hengqin, \u00e0 Zhuhai, dans la province du Guangdong, l&#039;excellence se mesure \u00e0 l&#039;\u00e9coute de ses clients. Depuis son ouverture en 2015, cet h\u00f4tel 5 \u00e9toiles original, au th\u00e8me unique des pingouins, a accueilli d&#039;innombrables familles, couples et voyageurs du monde entier, s&#039;\u00e9tant forg\u00e9 une r\u00e9putation exceptionnelle pour ses s\u00e9jours magiques et inoubliables. Nich\u00e9 \u00e0 proximit\u00e9 du majestueux Ocean World, au sein du Chimelong International Ocean Tourist Resort, l&#039;h\u00f4tel est devenu une destination pris\u00e9e, comme en t\u00e9moigne sa note globale exceptionnelle de 9,4 sur 10, bas\u00e9e sur plus de 21\u00a0914 avis \u00e9logieux. Ces t\u00e9moignages t\u00e9moignent d&#039;une hospitalit\u00e9 exceptionnelle, d&#039;un design imaginatif et d&#039;une volont\u00e9 de d\u00e9passer les attentes, faisant de chaque visite un souvenir pr\u00e9cieux.<\/p>\t\t\t\t\t\t\t\t<\/div>\n\t\t\t\t<\/div>\n\t\t\t\t\t<\/div>\n\t\t<\/div>\n\t\t\t\t\t<\/div>\n\t\t<\/section>\n\t\t\t\t<section class=\"elementor-section elementor-top-section elementor-element elementor-element-575fc68 elementor-section-gap-beside-no elementor-section-boxed elementor-section-height-default elementor-section-height-default elementor-section-column-vertical-align-stretch\" data-id=\"575fc68\" data-element_type=\"section\" data-e-type=\"section\">\n\t\t\t\t\t\t<div class=\"elementor-container elementor-column-gap-extended\">\n\t\t\t\t\t<div class=\"elementor-column elementor-col-50 elementor-top-column elementor-element elementor-element-dd03a56\" data-id=\"dd03a56\" data-element_type=\"column\" data-e-type=\"column\">\n\t\t\t<div class=\"elementor-widget-wrap elementor-element-populated\">\n\t\t\t\t\t\t<div class=\"elementor-element elementor-element-78ab5be elementor-invisible nuss-elementor-loading nuss-slide-in-right elementor-widget elementor-widget-image\" data-id=\"78ab5be\" data-element_type=\"widget\" data-e-type=\"widget\" data-settings=\"{&quot;_animation&quot;:&quot;nussSlideInRight&quot;}\" data-widget_type=\"image.default\">\n\t\t\t\t<div class=\"elementor-widget-container\">\n\t\t\t\t\t\t\t\t\t\t\t\t\t\t\t<img decoding=\"async\" width=\"1277\" height=\"853\" src=\"https:\/\/chimelongpenguinhotel.com\/wp-content\/uploads\/2025\/05\/Chimelong-Penguin-Hotel-21.webp\" class=\"attachment-full size-full wp-image-5765\" alt=\"\" srcset=\"https:\/\/chimelongpenguinhotel.com\/wp-content\/uploads\/2025\/05\/Chimelong-Penguin-Hotel-21.webp 1277w, https:\/\/chimelongpenguinhotel.com\/wp-content\/uploads\/2025\/05\/Chimelong-Penguin-Hotel-21-300x200.webp 300w, https:\/\/chimelongpenguinhotel.com\/wp-content\/uploads\/2025\/05\/Chimelong-Penguin-Hotel-21-1024x684.webp 1024w, https:\/\/chimelongpenguinhotel.com\/wp-content\/uploads\/2025\/05\/Chimelong-Penguin-Hotel-21-768x513.webp 768w, https:\/\/chimelongpenguinhotel.com\/wp-content\/uploads\/2025\/05\/Chimelong-Penguin-Hotel-21-18x12.webp 18w\" sizes=\"(max-width: 1277px) 100vw, 1277px\" \/>\t\t\t\t\t\t\t\t\t\t\t\t\t\t\t<\/div>\n\t\t\t\t<\/div>\n\t\t\t\t\t<\/div>\n\t\t<\/div>\n\t\t\t\t<div class=\"elementor-column elementor-col-50 elementor-top-column elementor-element elementor-element-364a6b2\" data-id=\"364a6b2\" data-element_type=\"column\" data-e-type=\"column\">\n\t\t\t<div class=\"elementor-widget-wrap elementor-element-populated\">\n\t\t\t\t\t\t<div class=\"elementor-element elementor-element-ccbb94d elementor-invisible elementor-widget elementor-widget-text-editor\" data-id=\"ccbb94d\" data-element_type=\"widget\" data-e-type=\"widget\" data-settings=\"{&quot;_animation&quot;:&quot;nussFadeInUp&quot;}\" data-widget_type=\"text-editor.default\">\n\t\t\t\t<div class=\"elementor-widget-container\">\n\t\t\t\t\t\t\t\t\t<p>Les clients appr\u00e9cient syst\u00e9matiquement l&#039;atmosph\u00e8re ludique et immersive de l&#039;h\u00f4tel, o\u00f9 chaque recoin, du hall bleu glacier orn\u00e9 d&#039;adorables motifs de pingouins aux chambres aux th\u00e8mes soigneusement pens\u00e9s, suscite joie et \u00e9merveillement. Les familles, en particulier, appr\u00e9cient l&#039;alliance harmonieuse entre divertissement et confort, vantant souvent le club enfants d\u00e9di\u00e9 et la proximit\u00e9 du Chimelong Ocean Kingdom comme des atouts majeurs pour leurs vacances. Les couples et les voyageurs en solo appr\u00e9cient quant \u00e0 eux les prestations luxueuses, le service attentionn\u00e9 et les espaces paisibles comme la piscine et les salons, parfaits pour se ressourcer apr\u00e8s une journ\u00e9e d&#039;aventure. L&#039;exp\u00e9rience culinaire au restaurant de l&#039;h\u00f4tel est \u00e9galement pl\u00e9biscit\u00e9e, de nombreux clients appr\u00e9ciant la carte vari\u00e9e qui r\u00e9pond aux go\u00fbts locaux et internationaux dans un cadre enchanteur unique.<\/p>\t\t\t\t\t\t\t\t<\/div>\n\t\t\t\t<\/div>\n\t\t\t\t\t<\/div>\n\t\t<\/div>\n\t\t\t\t\t<\/div>\n\t\t<\/section>\n\t\t\t\t<section class=\"elementor-section elementor-top-section elementor-element elementor-element-7853fd5 elementor-section-gap-beside-no elementor-section-boxed elementor-section-height-default elementor-section-height-default elementor-section-column-vertical-align-stretch\" data-id=\"7853fd5\" data-element_type=\"section\" data-e-type=\"section\">\n\t\t\t\t\t\t<div class=\"elementor-container elementor-column-gap-extended\">\n\t\t\t\t\t<div class=\"elementor-column elementor-col-50 elementor-top-column elementor-element elementor-element-9a8fa64\" data-id=\"9a8fa64\" data-element_type=\"column\" data-e-type=\"column\">\n\t\t\t<div class=\"elementor-widget-wrap elementor-element-populated\">\n\t\t\t\t\t\t<div class=\"elementor-element elementor-element-6f7d3f1 elementor-invisible nuss-elementor-loading nuss-slide-in-right elementor-widget elementor-widget-image\" data-id=\"6f7d3f1\" data-element_type=\"widget\" data-e-type=\"widget\" data-settings=\"{&quot;_animation&quot;:&quot;nussSlideInRight&quot;}\" data-widget_type=\"image.default\">\n\t\t\t\t<div class=\"elementor-widget-container\">\n\t\t\t\t\t\t\t\t\t\t\t\t\t\t\t<img decoding=\"async\" width=\"900\" height=\"600\" src=\"https:\/\/chimelongpenguinhotel.com\/wp-content\/uploads\/2025\/05\/Chimelong-Penguin-Hotel-900.jpg\" class=\"attachment-full size-full wp-image-5645\" alt=\"\" srcset=\"https:\/\/chimelongpenguinhotel.com\/wp-content\/uploads\/2025\/05\/Chimelong-Penguin-Hotel-900.jpg 900w, https:\/\/chimelongpenguinhotel.com\/wp-content\/uploads\/2025\/05\/Chimelong-Penguin-Hotel-900-300x200.jpg 300w, https:\/\/chimelongpenguinhotel.com\/wp-content\/uploads\/2025\/05\/Chimelong-Penguin-Hotel-900-768x512.jpg 768w, https:\/\/chimelongpenguinhotel.com\/wp-content\/uploads\/2025\/05\/Chimelong-Penguin-Hotel-900-18x12.jpg 18w\" sizes=\"(max-width: 900px) 100vw, 900px\" \/>\t\t\t\t\t\t\t\t\t\t\t\t\t\t\t<\/div>\n\t\t\t\t<\/div>\n\t\t\t\t\t<\/div>\n\t\t<\/div>\n\t\t\t\t<div class=\"elementor-column elementor-col-50 elementor-top-column elementor-element elementor-element-abd874b\" data-id=\"abd874b\" data-element_type=\"column\" data-e-type=\"column\">\n\t\t\t<div class=\"elementor-widget-wrap elementor-element-populated\">\n\t\t\t\t\t\t<div class=\"elementor-element elementor-element-a80ff28 elementor-invisible elementor-widget elementor-widget-text-editor\" data-id=\"a80ff28\" data-element_type=\"widget\" data-e-type=\"widget\" data-settings=\"{&quot;_animation&quot;:&quot;nussFadeInUp&quot;}\" data-widget_type=\"text-editor.default\">\n\t\t\t\t<div class=\"elementor-widget-container\">\n\t\t\t\t\t\t\t\t\t<p>Au-del\u00e0 des prestations, c&#039;est la chaleur du personnel qui se distingue souvent dans l&#039;exp\u00e9rience client. Les clients appr\u00e9cient particuli\u00e8rement l&#039;accueil personnalis\u00e9, de l&#039;accueil chaleureux \u00e0 l&#039;arriv\u00e9e aux attentions attentionn\u00e9es qui font que les clients se sentent comme chez eux. Qu&#039;il s&#039;agisse d&#039;aider \u00e0 r\u00e9server des billets pour le parc, de r\u00e9pondre \u00e0 des demandes particuli\u00e8res ou de garantir un s\u00e9jour agr\u00e9able, le d\u00e9vouement de l&#039;\u00e9quipe du Chimelong Penguin Hotel trouve un \u00e9cho profond aupr\u00e8s des visiteurs. Ces t\u00e9moignages de service exceptionnel, associ\u00e9s \u00e0 l&#039;approche innovante de l&#039;h\u00f4tel en mati\u00e8re de divertissement familial, soulignent la raison pour laquelle il d\u00e9tient le statut 5 \u00e9toiles tant convoit\u00e9.<\/p>\t\t\t\t\t\t\t\t<\/div>\n\t\t\t\t<\/div>\n\t\t\t\t\t<\/div>\n\t\t<\/div>\n\t\t\t\t\t<\/div>\n\t\t<\/section>\n\t\t\t\t<section class=\"elementor-section elementor-top-section elementor-element elementor-element-c0e97ec elementor-section-gap-beside-no elementor-section-boxed elementor-section-height-default elementor-section-height-default elementor-section-column-vertical-align-stretch\" data-id=\"c0e97ec\" data-element_type=\"section\" data-e-type=\"section\">\n\t\t\t\t\t\t<div class=\"elementor-container elementor-column-gap-extended\">\n\t\t\t\t\t<div class=\"elementor-column elementor-col-50 elementor-top-column elementor-element elementor-element-f8eddc1\" data-id=\"f8eddc1\" data-element_type=\"column\" data-e-type=\"column\">\n\t\t\t<div class=\"elementor-widget-wrap elementor-element-populated\">\n\t\t\t\t\t\t<div class=\"elementor-element elementor-element-d514d9d elementor-invisible nuss-elementor-loading nuss-slide-in-right elementor-widget elementor-widget-image\" data-id=\"d514d9d\" data-element_type=\"widget\" data-e-type=\"widget\" data-settings=\"{&quot;_animation&quot;:&quot;nussSlideInRight&quot;}\" data-widget_type=\"image.default\">\n\t\t\t\t<div class=\"elementor-widget-container\">\n\t\t\t\t\t\t\t\t\t\t\t\t\t\t\t<img loading=\"lazy\" decoding=\"async\" width=\"1066\" height=\"853\" src=\"https:\/\/chimelongpenguinhotel.com\/wp-content\/uploads\/2025\/05\/1mc4412000jqwj32950A9_W_1280_853_R5.webp\" class=\"attachment-full size-full wp-image-5764\" alt=\"\" srcset=\"https:\/\/chimelongpenguinhotel.com\/wp-content\/uploads\/2025\/05\/1mc4412000jqwj32950A9_W_1280_853_R5.webp 1066w, https:\/\/chimelongpenguinhotel.com\/wp-content\/uploads\/2025\/05\/1mc4412000jqwj32950A9_W_1280_853_R5-300x240.webp 300w, https:\/\/chimelongpenguinhotel.com\/wp-content\/uploads\/2025\/05\/1mc4412000jqwj32950A9_W_1280_853_R5-1024x819.webp 1024w, https:\/\/chimelongpenguinhotel.com\/wp-content\/uploads\/2025\/05\/1mc4412000jqwj32950A9_W_1280_853_R5-768x615.webp 768w, https:\/\/chimelongpenguinhotel.com\/wp-content\/uploads\/2025\/05\/1mc4412000jqwj32950A9_W_1280_853_R5-15x12.webp 15w\" sizes=\"(max-width: 1066px) 100vw, 1066px\" \/>\t\t\t\t\t\t\t\t\t\t\t\t\t\t\t<\/div>\n\t\t\t\t<\/div>\n\t\t\t\t\t<\/div>\n\t\t<\/div>\n\t\t\t\t<div class=\"elementor-column elementor-col-50 elementor-top-column elementor-element elementor-element-02329e1\" data-id=\"02329e1\" data-element_type=\"column\" data-e-type=\"column\">\n\t\t\t<div class=\"elementor-widget-wrap elementor-element-populated\">\n\t\t\t\t\t\t<div class=\"elementor-element elementor-element-1c62ff5 elementor-invisible elementor-widget elementor-widget-text-editor\" data-id=\"1c62ff5\" data-element_type=\"widget\" data-e-type=\"widget\" data-settings=\"{&quot;_animation&quot;:&quot;nussFadeInUp&quot;}\" data-widget_type=\"text-editor.default\">\n\t\t\t\t<div class=\"elementor-widget-container\">\n\t\t\t\t\t\t\t\t\t<p>Les avis refl\u00e8tent \u00e9galement la capacit\u00e9 de l&#039;h\u00f4tel \u00e0 satisfaire un public international, des clients d&#039;horizons divers partageant leur enthousiasme pour ce m\u00e9lange harmonieux de charme culturel et de luxe moderne. Qu&#039;il s&#039;agisse d&#039;un nouveau visiteur \u00e9merveill\u00e9 par la d\u00e9coration sur le th\u00e8me des pingouins ou d&#039;un client fid\u00e8le d\u00e9sireux de revivre la magie de l&#039;h\u00f4tel, les commentaires soulignent syst\u00e9matiquement le Chimelong Penguin Hotel comme un lieu o\u00f9 l&#039;imagination rencontre une hospitalit\u00e9 incomparable. Plongez au c\u0153ur de ces exp\u00e9riences clients et d\u00e9couvrez pourquoi cet h\u00f4tel extraordinaire continue de conqu\u00e9rir les c\u0153urs, s\u00e9jour apr\u00e8s s\u00e9jour.<\/p>\t\t\t\t\t\t\t\t<\/div>\n\t\t\t\t<\/div>\n\t\t\t\t\t<\/div>\n\t\t<\/div>\n\t\t\t\t\t<\/div>\n\t\t<\/section>\n\t\t\t\t<\/div>","protected":false},"excerpt":{"rendered":"<p>We want our guests to experience something special during their stays with us, as great experiences create great memories. At Chimelong Penguin Hotel, located in the heart of Hengqin New District, Zhuhai, Guangdong Province, the true measure of excellence lies in the voices of its guests. Since its grand opening in 2015, this whimsical 5-star [&hellip;]<\/p>\n","protected":false},"author":1,"featured_media":0,"parent":0,"menu_order":0,"comment_status":"closed","ping_status":"closed","template":"","meta":{"footnotes":""},"class_list":["post-2106","page","type-page","status-publish","hentry","post-no-thumbnail"],"_links":{"self":[{"href":"https:\/\/chimelongpenguinhotel.com\/fr\/wp-json\/wp\/v2\/pages\/2106","targetHints":{"allow":["GET"]}}],"collection":[{"href":"https:\/\/chimelongpenguinhotel.com\/fr\/wp-json\/wp\/v2\/pages"}],"about":[{"href":"https:\/\/chimelongpenguinhotel.com\/fr\/wp-json\/wp\/v2\/types\/page"}],"author":[{"embeddable":true,"href":"https:\/\/chimelongpenguinhotel.com\/fr\/wp-json\/wp\/v2\/users\/1"}],"replies":[{"embeddable":true,"href":"https:\/\/chimelongpenguinhotel.com\/fr\/wp-json\/wp\/v2\/comments?post=2106"}],"version-history":[{"count":0,"href":"https:\/\/chimelongpenguinhotel.com\/fr\/wp-json\/wp\/v2\/pages\/2106\/revisions"}],"wp:attachment":[{"href":"https:\/\/chimelongpenguinhotel.com\/fr\/wp-json\/wp\/v2\/media?parent=2106"}],"curies":[{"name":"wp","href":"https:\/\/api.w.org\/{rel}","templated":true}]}}