{"id":5266,"date":"2021-07-18T08:03:35","date_gmt":"2021-07-18T08:03:35","guid":{"rendered":"https:\/\/nuss.uxper.co\/luxury-resort\/?page_id=5266"},"modified":"2025-12-04T15:16:13","modified_gmt":"2025-12-04T15:16:13","slug":"a-propos-de-nous","status":"publish","type":"page","link":"https:\/\/chimelongpenguinhotel.com\/fr\/about-us\/","title":{"rendered":"\u00c0 propos de l&#039;h\u00f4tel Chimelong Penguin"},"content":{"rendered":"<div data-elementor-type=\"wp-page\" data-elementor-id=\"5266\" class=\"elementor elementor-5266\">\n\t\t\t\t\t\t<section class=\"elementor-section elementor-top-section elementor-element elementor-element-10416953 elementor-section-boxed elementor-section-gap-beside-yes elementor-section-height-default elementor-section-height-default elementor-section-column-vertical-align-stretch\" data-id=\"10416953\" data-element_type=\"section\" data-e-type=\"section\">\n\t\t\t\t\t\t<div class=\"elementor-container elementor-column-gap-extended\">\n\t\t\t\t\t<div class=\"elementor-column elementor-col-100 elementor-top-column elementor-element elementor-element-29c6aa8\" data-id=\"29c6aa8\" data-element_type=\"column\" data-e-type=\"column\">\n\t\t\t<div class=\"elementor-widget-wrap elementor-element-populated\">\n\t\t\t\t\t\t<div class=\"elementor-element elementor-element-7be18fe7 elementor-widget__width-initial elementor-invisible elementor-widget elementor-widget-text-editor\" data-id=\"7be18fe7\" data-element_type=\"widget\" data-e-type=\"widget\" data-settings=\"{&quot;_animation&quot;:&quot;nussFadeInUp&quot;}\" data-widget_type=\"text-editor.default\">\n\t\t\t\t<div class=\"elementor-widget-container\">\n\t\t\t\t\t\t\t\t\t<p>Nich\u00e9 au c\u0153ur du nouveau district de Hengqin, \u00e0 Zhuhai, dans la province du Guangdong, en Chine, le Chimelong Penguin Hotel est un t\u00e9moignage remarquable du design fantaisiste et du luxe familial.<\/p>\t\t\t\t\t\t\t\t<\/div>\n\t\t\t\t<\/div>\n\t\t\t\t\t<\/div>\n\t\t<\/div>\n\t\t\t\t\t<\/div>\n\t\t<\/section>\n\t\t\t\t<section class=\"elementor-section elementor-top-section elementor-element elementor-element-7d18327f elementor-section-boxed elementor-section-gap-beside-yes elementor-section-height-default elementor-section-height-default elementor-section-column-vertical-align-stretch\" data-id=\"7d18327f\" data-element_type=\"section\" data-e-type=\"section\">\n\t\t\t\t\t\t<div class=\"elementor-container elementor-column-gap-extended\">\n\t\t\t\t\t<div class=\"elementor-column elementor-col-50 elementor-top-column elementor-element elementor-element-56533670\" data-id=\"56533670\" data-element_type=\"column\" data-e-type=\"column\">\n\t\t\t<div class=\"elementor-widget-wrap elementor-element-populated\">\n\t\t\t\t\t\t<div class=\"elementor-element elementor-element-19c3f543 elementor-invisible elementor-widget elementor-widget-text-editor\" data-id=\"19c3f543\" data-element_type=\"widget\" data-e-type=\"widget\" data-settings=\"{&quot;_animation&quot;:&quot;nussFadeInUp&quot;}\" data-widget_type=\"text-editor.default\">\n\t\t\t\t<div class=\"elementor-widget-container\">\n\t\t\t\t\t\t\t\t\t<p>Ouvert en 2015, cet h\u00f4tel 5 \u00e9toiles est unique et s&#039;inspire du monde enchanteur des pingouins. Il offre \u00e0 ses clients une exp\u00e9rience immersive alliant charme ludique et hospitalit\u00e9 de premier ordre. Id\u00e9alement situ\u00e9 \u00e0 proximit\u00e9 de l&#039;impressionnant Ocean World, l&#039;h\u00f4tel est la porte d&#039;entr\u00e9e du Chimelong International Ocean Tourist Resort, l&#039;une des destinations phares de Chine pour les familles en qu\u00eate de divertissement et d&#039;aventure.<\/p>\t\t\t\t\t\t\t\t<\/div>\n\t\t\t\t<\/div>\n\t\t\t\t\t<\/div>\n\t\t<\/div>\n\t\t\t\t<div class=\"elementor-column elementor-col-50 elementor-top-column elementor-element elementor-element-30f14127\" data-id=\"30f14127\" data-element_type=\"column\" data-e-type=\"column\">\n\t\t\t<div class=\"elementor-widget-wrap elementor-element-populated\">\n\t\t\t\t\t\t<div class=\"elementor-element elementor-element-350da02e elementor-invisible nuss-elementor-loading nuss-slide-in-left elementor-widget elementor-widget-image\" data-id=\"350da02e\" data-element_type=\"widget\" data-e-type=\"widget\" data-settings=\"{&quot;_animation&quot;:&quot;nussSlideInLeft&quot;}\" data-widget_type=\"image.default\">\n\t\t\t\t<div class=\"elementor-widget-container\">\n\t\t\t\t\t\t\t\t\t\t\t\t\t\t\t<img fetchpriority=\"high\" decoding=\"async\" width=\"900\" height=\"600\" src=\"https:\/\/chimelongpenguinhotel.com\/wp-content\/uploads\/2025\/05\/Chimelong-Penguin-Hotel-900.jpg\" class=\"attachment-full size-full wp-image-5645\" alt=\"\" srcset=\"https:\/\/chimelongpenguinhotel.com\/wp-content\/uploads\/2025\/05\/Chimelong-Penguin-Hotel-900.jpg 900w, https:\/\/chimelongpenguinhotel.com\/wp-content\/uploads\/2025\/05\/Chimelong-Penguin-Hotel-900-300x200.jpg 300w, https:\/\/chimelongpenguinhotel.com\/wp-content\/uploads\/2025\/05\/Chimelong-Penguin-Hotel-900-768x512.jpg 768w, https:\/\/chimelongpenguinhotel.com\/wp-content\/uploads\/2025\/05\/Chimelong-Penguin-Hotel-900-18x12.jpg 18w\" sizes=\"(max-width: 900px) 100vw, 900px\" \/>\t\t\t\t\t\t\t\t\t\t\t\t\t\t\t<\/div>\n\t\t\t\t<\/div>\n\t\t\t\t\t<\/div>\n\t\t<\/div>\n\t\t\t\t\t<\/div>\n\t\t<\/section>\n\t\t\t\t<section class=\"elementor-section elementor-top-section elementor-element elementor-element-29fb8578 elementor-section-height-min-height elementor-section-stretched elementor-section-full_width elementor-section-items-stretch elementor-section-height-default elementor-section-column-vertical-align-stretch\" data-id=\"29fb8578\" data-element_type=\"section\" data-e-type=\"section\" data-settings=\"{&quot;stretch_section&quot;:&quot;section-stretched&quot;}\">\n\t\t\t\t\t\t<div class=\"elementor-container elementor-column-gap-no\">\n\t\t\t\t\t<div class=\"elementor-column elementor-col-50 elementor-top-column elementor-element elementor-element-40ac270b\" data-id=\"40ac270b\" data-element_type=\"column\" data-e-type=\"column\">\n\t\t\t<div class=\"elementor-widget-wrap elementor-element-populated\">\n\t\t\t\t\t\t<div class=\"elementor-element elementor-element-20872773 elementor-widget__width-initial elementor-widget-mobile__width-inherit elementor-invisible nuss-elementor-loading nuss-slide-in-right elementor-widget elementor-widget-image\" data-id=\"20872773\" data-element_type=\"widget\" data-e-type=\"widget\" data-settings=\"{&quot;_animation&quot;:&quot;nussSlideInRight&quot;}\" data-widget_type=\"image.default\">\n\t\t\t\t<div class=\"elementor-widget-container\">\n\t\t\t\t\t\t\t\t\t\t\t\t\t\t\t<img decoding=\"async\" width=\"1280\" height=\"853\" src=\"https:\/\/chimelongpenguinhotel.com\/wp-content\/uploads\/2021\/06\/Temperate-Room-Two-Beds-5.webp\" class=\"attachment-full size-full wp-image-5585\" alt=\"\" srcset=\"https:\/\/chimelongpenguinhotel.com\/wp-content\/uploads\/2021\/06\/Temperate-Room-Two-Beds-5.webp 1280w, https:\/\/chimelongpenguinhotel.com\/wp-content\/uploads\/2021\/06\/Temperate-Room-Two-Beds-5-300x200.webp 300w, https:\/\/chimelongpenguinhotel.com\/wp-content\/uploads\/2021\/06\/Temperate-Room-Two-Beds-5-1024x682.webp 1024w, https:\/\/chimelongpenguinhotel.com\/wp-content\/uploads\/2021\/06\/Temperate-Room-Two-Beds-5-768x512.webp 768w, https:\/\/chimelongpenguinhotel.com\/wp-content\/uploads\/2021\/06\/Temperate-Room-Two-Beds-5-18x12.webp 18w\" sizes=\"(max-width: 1280px) 100vw, 1280px\" \/>\t\t\t\t\t\t\t\t\t\t\t\t\t\t\t<\/div>\n\t\t\t\t<\/div>\n\t\t\t\t\t<\/div>\n\t\t<\/div>\n\t\t\t\t<div class=\"elementor-column elementor-col-50 elementor-top-column elementor-element elementor-element-2dac103\" data-id=\"2dac103\" data-element_type=\"column\" data-e-type=\"column\">\n\t\t\t<div class=\"elementor-widget-wrap elementor-element-populated\">\n\t\t\t\t\t\t<div class=\"elementor-element elementor-element-7df0054f elementor-invisible elementor-widget elementor-widget-nuss-heading\" data-id=\"7df0054f\" data-element_type=\"widget\" data-e-type=\"widget\" data-settings=\"{&quot;_animation&quot;:&quot;nussFadeInUp&quot;}\" data-widget_type=\"nuss-heading.default\">\n\t\t\t\t<div class=\"elementor-widget-container\">\n\t\t\t\t\t\t\t<div class=\"nuss-modern-heading\">\r\n\t\t\t\r\n\t\t\t\t\t\t<div class=\"heading-primary-wrap\">\r\n\t\t\t\t<h4 class=\"heading-primary elementor-heading-title\">Les chambres<\/h4>\t\t\t<\/div>\r\n\t\t\r\n\t\t\t\t\t\t<div class=\"heading-divider-wrap\">\r\n\t\t\t\t<div class=\"heading-divider\" style=\"left: 0px;top: 6px\"><\/div>\r\n\t\t\t<\/div>\r\n\t\r\n\t\t\t\t\t<\/div>\r\n\t\t\t\t\t<\/div>\n\t\t\t\t<\/div>\n\t\t\t\t<div class=\"elementor-element elementor-element-6f1b8966 elementor-invisible elementor-widget elementor-widget-text-editor\" data-id=\"6f1b8966\" data-element_type=\"widget\" data-e-type=\"widget\" data-settings=\"{&quot;_animation&quot;:&quot;nussFadeInUp&quot;}\" data-widget_type=\"text-editor.default\">\n\t\t\t\t<div class=\"elementor-widget-container\">\n\t\t\t\t\t\t\t\t\t<p>Avec ses 1\u00a0802 chambres impressionnantes, le Chimelong Penguin Hotel accueille les familles, les couples et les voyageurs en qu\u00eate d&#039;un s\u00e9jour inoubliable. Chaque chambre est soigneusement con\u00e7ue avec une d\u00e9coration vibrante inspir\u00e9e des pingouins, cr\u00e9ant une ambiance chaleureuse qui captive petits et grands. D\u00e8s votre entr\u00e9e dans le hall, vous serez accueilli par un paysage hivernal f\u00e9erique, agr\u00e9ment\u00e9 de teintes bleu glacier, d&#039;adorables motifs de pingouins et d&#039;une atmosph\u00e8re chaleureuse et accueillante qui vous transportera instantan\u00e9ment dans un univers de plaisir et de d\u00e9tente.<\/p>\t\t\t\t\t\t\t\t<\/div>\n\t\t\t\t<\/div>\n\t\t\t\t\t<\/div>\n\t\t<\/div>\n\t\t\t\t\t<\/div>\n\t\t<\/section>\n\t\t\t\t<section class=\"elementor-section elementor-top-section elementor-element elementor-element-af3d0b7 elementor-section-height-min-height elementor-section-stretched elementor-section-full_width elementor-section-items-stretch elementor-section-height-default elementor-section-column-vertical-align-stretch\" data-id=\"af3d0b7\" data-element_type=\"section\" data-e-type=\"section\" data-settings=\"{&quot;stretch_section&quot;:&quot;section-stretched&quot;}\">\n\t\t\t\t\t\t<div class=\"elementor-container elementor-column-gap-no\">\n\t\t\t\t\t<div class=\"elementor-column elementor-col-50 elementor-top-column elementor-element elementor-element-8f997d4\" data-id=\"8f997d4\" data-element_type=\"column\" data-e-type=\"column\">\n\t\t\t<div class=\"elementor-widget-wrap elementor-element-populated\">\n\t\t\t\t\t\t<div class=\"elementor-element elementor-element-8784d92 elementor-invisible elementor-widget elementor-widget-nuss-heading\" data-id=\"8784d92\" data-element_type=\"widget\" data-e-type=\"widget\" data-settings=\"{&quot;_animation&quot;:&quot;nussFadeInUp&quot;}\" data-widget_type=\"nuss-heading.default\">\n\t\t\t\t<div class=\"elementor-widget-container\">\n\t\t\t\t\t\t\t<div class=\"nuss-modern-heading\">\r\n\t\t\t\r\n\t\t\t\t\t\t<div class=\"heading-primary-wrap\">\r\n\t\t\t\t<h4 class=\"heading-primary elementor-heading-title\">Les chambres<\/h4>\t\t\t<\/div>\r\n\t\t\r\n\t\t\t\t\t\t<div class=\"heading-divider-wrap\">\r\n\t\t\t\t<div class=\"heading-divider\" style=\"left: 0px;top: 6px\"><\/div>\r\n\t\t\t<\/div>\r\n\t\r\n\t\t\t\t\t<\/div>\r\n\t\t\t\t\t<\/div>\n\t\t\t\t<\/div>\n\t\t\t\t<div class=\"elementor-element elementor-element-54b3b94 elementor-invisible elementor-widget elementor-widget-text-editor\" data-id=\"54b3b94\" data-element_type=\"widget\" data-e-type=\"widget\" data-settings=\"{&quot;_animation&quot;:&quot;nussFadeInUp&quot;}\" data-widget_type=\"text-editor.default\">\n\t\t\t\t<div class=\"elementor-widget-container\">\n\t\t\t\t\t\t\t\t\t<p>Le Chimelong Penguin Hotel se distingue par son engagement \u00e0 offrir une exp\u00e9rience compl\u00e8te. Au-del\u00e0 de son esth\u00e9tique charmante, l&#039;h\u00f4tel offre un large \u00e9ventail d&#039;\u00e9quipements modernes pour le confort de chaque client. Savourez de d\u00e9licieux repas dans les restaurants sur place, d\u00e9tendez-vous au bord de la piscine ou poursuivez votre entra\u00eenement dans la salle de sport ultramoderne. Pour les familles, l&#039;h\u00f4tel propose un club enfants d\u00e9di\u00e9, permettant aux plus jeunes de s&#039;amuser avec des activit\u00e9s stimulantes pendant que leurs parents se d\u00e9tendent ou explorent les attractions des environs.<\/p>\t\t\t\t\t\t\t\t<\/div>\n\t\t\t\t<\/div>\n\t\t\t\t\t<\/div>\n\t\t<\/div>\n\t\t\t\t<div class=\"elementor-column elementor-col-50 elementor-top-column elementor-element elementor-element-c8f044f\" data-id=\"c8f044f\" data-element_type=\"column\" data-e-type=\"column\">\n\t\t\t<div class=\"elementor-widget-wrap elementor-element-populated\">\n\t\t\t\t\t\t<div class=\"elementor-element elementor-element-d757a99 elementor-widget__width-initial elementor-widget-mobile__width-inherit elementor-invisible nuss-elementor-loading nuss-slide-in-right elementor-widget elementor-widget-image\" data-id=\"d757a99\" data-element_type=\"widget\" data-e-type=\"widget\" data-settings=\"{&quot;_animation&quot;:&quot;nussSlideInRight&quot;}\" data-widget_type=\"image.default\">\n\t\t\t\t<div class=\"elementor-widget-container\">\n\t\t\t\t\t\t\t\t\t\t\t\t\t\t\t<img decoding=\"async\" width=\"1277\" height=\"853\" src=\"https:\/\/chimelongpenguinhotel.com\/wp-content\/uploads\/2025\/05\/leisure-and-facilities.webp\" class=\"attachment-full size-full wp-image-5688\" alt=\"\" srcset=\"https:\/\/chimelongpenguinhotel.com\/wp-content\/uploads\/2025\/05\/leisure-and-facilities.webp 1277w, https:\/\/chimelongpenguinhotel.com\/wp-content\/uploads\/2025\/05\/leisure-and-facilities-300x200.webp 300w, https:\/\/chimelongpenguinhotel.com\/wp-content\/uploads\/2025\/05\/leisure-and-facilities-1024x684.webp 1024w, https:\/\/chimelongpenguinhotel.com\/wp-content\/uploads\/2025\/05\/leisure-and-facilities-768x513.webp 768w, https:\/\/chimelongpenguinhotel.com\/wp-content\/uploads\/2025\/05\/leisure-and-facilities-18x12.webp 18w\" sizes=\"(max-width: 1277px) 100vw, 1277px\" \/>\t\t\t\t\t\t\t\t\t\t\t\t\t\t\t<\/div>\n\t\t\t\t<\/div>\n\t\t\t\t\t<\/div>\n\t\t<\/div>\n\t\t\t\t\t<\/div>\n\t\t<\/section>\n\t\t\t\t<section class=\"elementor-section elementor-top-section elementor-element elementor-element-90d0f56 elementor-section-height-min-height elementor-section-stretched elementor-section-full_width elementor-section-items-stretch elementor-section-height-default elementor-section-column-vertical-align-stretch\" data-id=\"90d0f56\" data-element_type=\"section\" data-e-type=\"section\" data-settings=\"{&quot;stretch_section&quot;:&quot;section-stretched&quot;}\">\n\t\t\t\t\t\t<div class=\"elementor-container elementor-column-gap-no\">\n\t\t\t\t\t<div class=\"elementor-column elementor-col-50 elementor-top-column elementor-element elementor-element-2d8247c\" data-id=\"2d8247c\" data-element_type=\"column\" data-e-type=\"column\">\n\t\t\t<div class=\"elementor-widget-wrap elementor-element-populated\">\n\t\t\t\t\t\t<div class=\"elementor-element elementor-element-4c9f9f0 elementor-widget__width-initial elementor-widget-mobile__width-inherit elementor-invisible nuss-elementor-loading nuss-slide-in-right elementor-widget elementor-widget-image\" data-id=\"4c9f9f0\" data-element_type=\"widget\" data-e-type=\"widget\" data-settings=\"{&quot;_animation&quot;:&quot;nussSlideInRight&quot;}\" data-widget_type=\"image.default\">\n\t\t\t\t<div class=\"elementor-widget-container\">\n\t\t\t\t\t\t\t\t\t\t\t\t\t\t\t<img loading=\"lazy\" decoding=\"async\" width=\"1280\" height=\"853\" src=\"https:\/\/chimelongpenguinhotel.com\/wp-content\/uploads\/2025\/05\/chimelong-genuin-dinning-13.webp\" class=\"attachment-full size-full wp-image-5683\" alt=\"\" srcset=\"https:\/\/chimelongpenguinhotel.com\/wp-content\/uploads\/2025\/05\/chimelong-genuin-dinning-13.webp 1280w, https:\/\/chimelongpenguinhotel.com\/wp-content\/uploads\/2025\/05\/chimelong-genuin-dinning-13-300x200.webp 300w, https:\/\/chimelongpenguinhotel.com\/wp-content\/uploads\/2025\/05\/chimelong-genuin-dinning-13-1024x682.webp 1024w, https:\/\/chimelongpenguinhotel.com\/wp-content\/uploads\/2025\/05\/chimelong-genuin-dinning-13-768x512.webp 768w, https:\/\/chimelongpenguinhotel.com\/wp-content\/uploads\/2025\/05\/chimelong-genuin-dinning-13-18x12.webp 18w\" sizes=\"(max-width: 1280px) 100vw, 1280px\" \/>\t\t\t\t\t\t\t\t\t\t\t\t\t\t\t<\/div>\n\t\t\t\t<\/div>\n\t\t\t\t\t<\/div>\n\t\t<\/div>\n\t\t\t\t<div class=\"elementor-column elementor-col-50 elementor-top-column elementor-element elementor-element-ffceb8d\" data-id=\"ffceb8d\" data-element_type=\"column\" data-e-type=\"column\">\n\t\t\t<div class=\"elementor-widget-wrap elementor-element-populated\">\n\t\t\t\t\t\t<div class=\"elementor-element elementor-element-2ee7fe2 elementor-invisible elementor-widget elementor-widget-nuss-heading\" data-id=\"2ee7fe2\" data-element_type=\"widget\" data-e-type=\"widget\" data-settings=\"{&quot;_animation&quot;:&quot;nussFadeInUp&quot;}\" data-widget_type=\"nuss-heading.default\">\n\t\t\t\t<div class=\"elementor-widget-container\">\n\t\t\t\t\t\t\t<div class=\"nuss-modern-heading\">\r\n\t\t\t\r\n\t\t\t\t\t\t<div class=\"heading-primary-wrap\">\r\n\t\t\t\t<h4 class=\"heading-primary elementor-heading-title\">Les services<\/h4>\t\t\t<\/div>\r\n\t\t\r\n\t\t\t\t\t\t<div class=\"heading-divider-wrap\">\r\n\t\t\t\t<div class=\"heading-divider\" style=\"left: 0px;top: 6px\"><\/div>\r\n\t\t\t<\/div>\r\n\t\r\n\t\t\t\t\t<\/div>\r\n\t\t\t\t\t<\/div>\n\t\t\t\t<\/div>\n\t\t\t\t<div class=\"elementor-element elementor-element-832fd2b elementor-invisible elementor-widget elementor-widget-text-editor\" data-id=\"832fd2b\" data-element_type=\"widget\" data-e-type=\"widget\" data-settings=\"{&quot;_animation&quot;:&quot;nussFadeInUp&quot;}\" data-widget_type=\"text-editor.default\">\n\t\t\t\t<div class=\"elementor-widget-container\">\n\t\t\t\t\t\t\t\t\t<p>La proximit\u00e9 de l&#039;h\u00f4tel avec Chimelong Ocean Kingdom, l&#039;un des parcs d&#039;attractions oc\u00e9aniques les plus grands et les plus r\u00e9put\u00e9s au monde, en fait un point de d\u00e9part id\u00e9al pour les aventuriers. Les clients peuvent acc\u00e9der facilement \u00e0 des attractions \u00e0 sensations fortes, \u00e0 des expositions marines fascinantes et \u00e0 des spectacles spectaculaires, le tout \u00e0 quelques pas de leur h\u00e9bergement. De plus, l&#039;h\u00f4tel offre un acc\u00e8s direct aux autres attractions du complexe, ce qui en fait un point de d\u00e9part id\u00e9al pour explorer tout ce que la r\u00e9gion a \u00e0 offrir.<\/p><p>Avec une note globale exceptionnelle de 9,4\/10 bas\u00e9e sur plus de 21\u00a0914 avis, le Chimelong Penguin Hotel est r\u00e9put\u00e9 pour son service exceptionnel, son th\u00e8me unique et son engagement \u00e0 cr\u00e9er des souvenirs magiques. Que vous pr\u00e9voyiez des vacances en famille, une escapade romantique ou une aventure amusante entre amis, cet h\u00f4tel extraordinaire vous promet un s\u00e9jour aussi captivant que les pingouins qui inspirent son charme. Venez d\u00e9couvrir un monde o\u00f9 l&#039;imagination rencontre le luxe au Chimelong Penguin Hotel, une destination unique en son genre.<\/p>\t\t\t\t\t\t\t\t<\/div>\n\t\t\t\t<\/div>\n\t\t\t\t\t<\/div>\n\t\t<\/div>\n\t\t\t\t\t<\/div>\n\t\t<\/section>\n\t\t\t\t<\/div>","protected":false},"excerpt":{"rendered":"<p>Nestled in the heart of Hengqin New District, Zhuhai, Guangdong Province, China, the Chimelong Penguin Hotel stands as a remarkable testament to whimsical design and family-friendly luxury. Opened in 2015, this 5-star hotel is uniquely themed around the enchanting world of penguins, offering guests an immersive experience that combines playful charm with world-class hospitality. Strategically [&hellip;]<\/p>\n","protected":false},"author":1,"featured_media":0,"parent":0,"menu_order":0,"comment_status":"closed","ping_status":"closed","template":"","meta":{"footnotes":""},"class_list":["post-5266","page","type-page","status-publish","hentry","post-no-thumbnail"],"_links":{"self":[{"href":"https:\/\/chimelongpenguinhotel.com\/fr\/wp-json\/wp\/v2\/pages\/5266","targetHints":{"allow":["GET"]}}],"collection":[{"href":"https:\/\/chimelongpenguinhotel.com\/fr\/wp-json\/wp\/v2\/pages"}],"about":[{"href":"https:\/\/chimelongpenguinhotel.com\/fr\/wp-json\/wp\/v2\/types\/page"}],"author":[{"embeddable":true,"href":"https:\/\/chimelongpenguinhotel.com\/fr\/wp-json\/wp\/v2\/users\/1"}],"replies":[{"embeddable":true,"href":"https:\/\/chimelongpenguinhotel.com\/fr\/wp-json\/wp\/v2\/comments?post=5266"}],"version-history":[{"count":0,"href":"https:\/\/chimelongpenguinhotel.com\/fr\/wp-json\/wp\/v2\/pages\/5266\/revisions"}],"wp:attachment":[{"href":"https:\/\/chimelongpenguinhotel.com\/fr\/wp-json\/wp\/v2\/media?parent=5266"}],"curies":[{"name":"wp","href":"https:\/\/api.w.org\/{rel}","templated":true}]}}